{"id":6690,"date":"2021-04-29T22:42:47","date_gmt":"2021-04-29T20:42:47","guid":{"rendered":"https:\/\/tmbin.com\/?page_id=6690"},"modified":"2021-04-29T22:49:12","modified_gmt":"2021-04-29T20:49:12","slug":"gruppen","status":"publish","type":"page","link":"https:\/\/tmbin.com\/de\/gruppen\/","title":{"rendered":"GRUPPEN- UND FAMILIENERLEBNISSE"},"content":{"rendered":"<p>[et_pb_section fb_built=&#8220;1&#8243; _builder_version=&#8220;4.9.2&#8243; _module_preset=&#8220;default&#8220; background_color=&#8220;rgba(0,0,0,0.47)&#8220; background_image=&#8220;https:\/\/tmbin.com\/wp-content\/uploads\/2021\/02\/Z6V2475.jpg&#8220; parallax=&#8220;on&#8220; parallax_method=&#8220;off&#8220; background_enable_video_webm=&#8220;off&#8220; min_height=&#8220;700px&#8220; custom_padding=&#8220;||57px|||&#8220;][et_pb_row _builder_version=&#8220;4.7.0&#8243; _module_preset=&#8220;default&#8220;][et_pb_column type=&#8220;4_4&#8243; _builder_version=&#8220;4.7.0&#8243; _module_preset=&#8220;default&#8220;][et_pb_text _builder_version=&#8220;4.9.2&#8243; _module_preset=&#8220;default&#8220; header_font_size=&#8220;62px&#8220; background_layout=&#8220;dark&#8220; custom_padding=&#8220;||||false|true&#8220;]<\/p>\n<h1><span style=\"background-color: #cfb095;\">\u00a0GRUPPEN- UND\u00a0<br \/>\u00a0FAMILIENERLEBNISSE\u00a0\u00a0<br \/><\/span><\/h1>\n<p>[\/et_pb_text][\/et_pb_column][\/et_pb_row][\/et_pb_section][et_pb_section fb_built=&#8220;1&#8243; _builder_version=&#8220;4.9.2&#8243; _module_preset=&#8220;default&#8220; custom_padding=&#8220;0px||0px|||&#8220;][et_pb_row column_structure=&#8220;1_2,1_2&#8243; use_custom_gutter=&#8220;on&#8220; gutter_width=&#8220;1&#8243; make_equal=&#8220;on&#8220; _builder_version=&#8220;4.9.2&#8243; _module_preset=&#8220;default&#8220; background_color=&#8220;#212121&#8243; width=&#8220;100%&#8220; max_width=&#8220;2560px&#8220; custom_margin=&#8220;0px|auto||auto|false|false&#8220; custom_padding=&#8220;100px||75px|||&#8220;][et_pb_column type=&#8220;1_2&#8243; _builder_version=&#8220;4.9.2&#8243; _module_preset=&#8220;default&#8220; background_color=&#8220;#212121&#8243; custom_padding=&#8220;|5%||5%|true|true&#8220;][et_pb_text _builder_version=&#8220;4.9.2&#8243; _module_preset=&#8220;default&#8220; text_font=&#8220;||||||||&#8220; text_font_size=&#8220;18px&#8220; text_line_height=&#8220;1.9em&#8220; header_font=&#8220;Abhaya Libre|700|||||||&#8220; header_3_font_size=&#8220;29px&#8220; text_orientation=&#8220;center&#8220; background_layout=&#8220;dark&#8220; custom_margin=&#8220;0px||0px||false|false&#8220; custom_padding=&#8220;||||true|true&#8220; hover_enabled=&#8220;0&#8243; sticky_enabled=&#8220;0&#8243;]<\/p>\n<h3 style=\"text-align: left;\">AKTIVTAG IN DER NATUR<\/h3>\n<p style=\"text-align: left;\"><strong>F\u00fcr:<\/strong> kleine Gruppen (bis zu 10 Personen) und Familien <br \/><strong>Datum<\/strong>: nach Vereinbarung <br \/><strong>Preis<\/strong>: nach Vereinbarung <br \/><strong>Inklusive<\/strong>:<\/p>\n<ul style=\"text-align: left;\">\n<li style=\"text-align: left;\">Kennenlernen von lokalen Lipizzanern und Karsth\u00f6fen mit Bauernhofspielen im Hain<\/li>\n<li style=\"text-align: left;\">Kutschfahrt mit einem Weltmeister und Entdeckung der Naturph\u00e4nomene des Karsts<\/li>\n<li style=\"text-align: left;\">Wanderung mit Mittagessen (bis zu 2 Stunden)<\/li>\n<li style=\"text-align: left;\">Entspannendes Yoga<\/li>\n<li style=\"text-align: left;\">Abendessen im Casa Krasna<\/li>\n<\/ul>\n<p>[\/et_pb_text][\/et_pb_column][et_pb_column type=&#8220;1_2&#8243; _builder_version=&#8220;4.7.0&#8243; _module_preset=&#8220;default&#8220; background_color=&#8220;#212121&#8243; background_enable_image=&#8220;off&#8220; background_enable_video_webm=&#8220;off&#8220; custom_padding=&#8220;|5%||5%|false|true&#8220;][et_pb_text _builder_version=&#8220;4.9.2&#8243; _module_preset=&#8220;default&#8220; text_font=&#8220;||||||||&#8220; text_font_size=&#8220;18px&#8220; text_line_height=&#8220;1.9em&#8220; header_font=&#8220;Abhaya Libre|700|||||||&#8220; header_3_font_size=&#8220;29px&#8220; text_orientation=&#8220;center&#8220; background_layout=&#8220;dark&#8220; custom_margin=&#8220;0px||0px||false|false&#8220; custom_padding=&#8220;||||true|true&#8220;]<\/p>\n<h3 style=\"text-align: left;\">KULINARISCHER KARSTTAG<\/h3>\n<p style=\"text-align: left;\"><strong>F\u00fcr: kleine Gruppen (bis zu 10 Personen) und Familien <br \/>Datum: Freitag bis Sonntag <br \/>Preis: nach Vereinbarung <br \/>Inklusive:<\/strong><\/p>\n<ul>\n<li style=\"text-align: left;\">Morgendliches Carpe diem Yoga in der Natur<\/li>\n<li style=\"text-align: left;\">Kutschfahrten mit einem Weltmeister Ausflug ins Herz des Karsts: Besuch der Burg \u0160tanjel \/ Besichtigung des Geh\u00f6fts Lisjak und Verkostung von Karst-Teran und Prosciutto in einem der bekanntesten Karstkeller<\/li>\n<li style=\"text-align: left;\">Marmeladen-Quiz-Akademie Mmmm Beatrice<\/li>\n<li style=\"text-align: left;\">Abendessen im Casa Krasna<\/li>\n<\/ul>\n<p>[\/et_pb_text][\/et_pb_column][\/et_pb_row][et_pb_row column_structure=&#8220;1_2,1_2&#8243; use_custom_gutter=&#8220;on&#8220; gutter_width=&#8220;1&#8243; make_equal=&#8220;on&#8220; _builder_version=&#8220;4.9.2&#8243; _module_preset=&#8220;default&#8220; background_color=&#8220;#212121&#8243; width=&#8220;100%&#8220; max_width=&#8220;2560px&#8220; custom_margin=&#8220;0px|auto||auto|false|false&#8220; custom_padding=&#8220;0px||75px|||&#8220;][et_pb_column type=&#8220;1_2&#8243; _builder_version=&#8220;4.9.2&#8243; _module_preset=&#8220;default&#8220; background_color=&#8220;#212121&#8243; custom_padding=&#8220;|5%||5%|true|true&#8220;][et_pb_text _builder_version=&#8220;4.9.2&#8243; _module_preset=&#8220;default&#8220; text_font=&#8220;||||||||&#8220; text_font_size=&#8220;18px&#8220; text_line_height=&#8220;1.9em&#8220; header_font=&#8220;Abhaya Libre|700|||||||&#8220; header_3_font_size=&#8220;29px&#8220; text_orientation=&#8220;center&#8220; background_layout=&#8220;dark&#8220; custom_margin=&#8220;0px||0px||false|false&#8220; custom_padding=&#8220;||||true|true&#8220;]<\/p>\n<h3 style=\"text-align: left;\">WOCHENENDPAUSE<\/h3>\n<p style=\"text-align: left;\">F\u00fcr: Paare oder Familien <br \/>Datum: nach Vereinbarung <br \/>Preis: 750\u20ac\/Familie<br \/>Inklusive:<\/p>\n<ul>\n<li style=\"text-align: left;\">2x \u00dcbernachtung mit Fr\u00fchst\u00fcck in Tmbins Scheune<\/li>\n<li style=\"text-align: left;\">2x morgendliches oder abendliches Entspannungsyoga<\/li>\n<li style=\"text-align: left;\">1x 4-Gang-Degustationsmen\u00fc im Casa Krasna<\/li>\n<li style=\"text-align: left;\">1x Abendessen im Gasthaus \u201ePri Hribu\u201c<\/li>\n<li style=\"text-align: left;\">1x Kutschfahrt<\/li>\n<li style=\"text-align: left;\">1x Ponyreiten<\/li>\n<\/ul>\n<p>[\/et_pb_text][\/et_pb_column][et_pb_column type=&#8220;1_2&#8243; _builder_version=&#8220;4.7.0&#8243; _module_preset=&#8220;default&#8220; background_color=&#8220;#212121&#8243; background_enable_image=&#8220;off&#8220; background_enable_video_webm=&#8220;off&#8220; custom_padding=&#8220;|5%||5%|false|true&#8220;][et_pb_text _builder_version=&#8220;4.9.2&#8243; _module_preset=&#8220;default&#8220; text_font=&#8220;||||||||&#8220; text_font_size=&#8220;18px&#8220; text_line_height=&#8220;1.9em&#8220; header_font=&#8220;Abhaya Libre|700|||||||&#8220; header_3_font_size=&#8220;29px&#8220; text_orientation=&#8220;center&#8220; background_layout=&#8220;dark&#8220; custom_margin=&#8220;0px||0px||false|false&#8220; custom_padding=&#8220;||||true|true&#8220; hover_enabled=&#8220;0&#8243; sticky_enabled=&#8220;0&#8243;]<\/p>\n<h3 style=\"text-align: left;\">TREFFEN SIE YOGALINKA \u2013 EINE FEE, DIE M\u00c4RCHEN UND YOGA LIEBT<\/h3>\n<p style=\"text-align: left;\"><strong>F\u00fcr: Kinder und Familien mit Kindern (bis zu 10 Personen) <br \/>Datum: nach Vereinbarung <br \/>Preis: nach Vereinbarung <br \/>Inklusive:<\/strong><\/p>\n<ul>\n<li style=\"text-align: left;\">M\u00e4rchenhaftes Yoga mit einer Fee, die Yoga liebt (Yoga f\u00fcr Familien)<\/li>\n<li style=\"text-align: left;\">Begegnung mit Pferden, Ponyreiten<\/li>\n<li style=\"text-align: left;\">Kutschfahrten<\/li>\n<li style=\"text-align: left;\">Mittagessen im Casa Krasna<\/li>\n<li style=\"text-align: left;\">Optional: Wanderung zur Vilenica-H\u00f6hle mit Mittagessen<\/li>\n<li style=\"text-align: left;\">Optional: M\u00e4rchenhaftes Yoga mit Yogalinka in der H\u00f6hle Vilenica<\/li>\n<\/ul>\n<p>[\/et_pb_text][\/et_pb_column][\/et_pb_row][\/et_pb_section]<\/p>\n","protected":false},"excerpt":{"rendered":"<p>\u00a0GRUPPEN- UND\u00a0\u00a0FAMILIENERLEBNISSE\u00a0\u00a0AKTIVTAG IN DER NATUR F\u00fcr: kleine Gruppen (bis zu 10 Personen) und Familien Datum: nach Vereinbarung Preis: nach Vereinbarung Inklusive: Kennenlernen von lokalen Lipizzanern und Karsth\u00f6fen mit Bauernhofspielen im Hain Kutschfahrt mit einem Weltmeister und Entdeckung der Naturph\u00e4nomene des Karsts Wanderung mit Mittagessen (bis zu 2 Stunden) Entspannendes Yoga Abendessen im Casa Krasna KULINARISCHER [&hellip;]<\/p>\n","protected":false},"author":1,"featured_media":6537,"parent":0,"menu_order":0,"comment_status":"closed","ping_status":"closed","template":"","meta":{"_et_pb_use_builder":"on","_et_pb_old_content":"","_et_gb_content_width":"","footnotes":""},"class_list":["post-6690","page","type-page","status-publish","has-post-thumbnail","hentry"],"_links":{"self":[{"href":"https:\/\/tmbin.com\/de\/wp-json\/wp\/v2\/pages\/6690","targetHints":{"allow":["GET"]}}],"collection":[{"href":"https:\/\/tmbin.com\/de\/wp-json\/wp\/v2\/pages"}],"about":[{"href":"https:\/\/tmbin.com\/de\/wp-json\/wp\/v2\/types\/page"}],"author":[{"embeddable":true,"href":"https:\/\/tmbin.com\/de\/wp-json\/wp\/v2\/users\/1"}],"replies":[{"embeddable":true,"href":"https:\/\/tmbin.com\/de\/wp-json\/wp\/v2\/comments?post=6690"}],"version-history":[{"count":3,"href":"https:\/\/tmbin.com\/de\/wp-json\/wp\/v2\/pages\/6690\/revisions"}],"predecessor-version":[{"id":6694,"href":"https:\/\/tmbin.com\/de\/wp-json\/wp\/v2\/pages\/6690\/revisions\/6694"}],"wp:featuredmedia":[{"embeddable":true,"href":"https:\/\/tmbin.com\/de\/wp-json\/wp\/v2\/media\/6537"}],"wp:attachment":[{"href":"https:\/\/tmbin.com\/de\/wp-json\/wp\/v2\/media?parent=6690"}],"curies":[{"name":"wp","href":"https:\/\/api.w.org\/{rel}","templated":true}]}}