{"id":6686,"date":"2021-04-29T22:39:52","date_gmt":"2021-04-29T20:39:52","guid":{"rendered":"https:\/\/tmbin.com\/?page_id=6686"},"modified":"2023-05-22T11:05:37","modified_gmt":"2023-05-22T09:05:37","slug":"home","status":"publish","type":"page","link":"https:\/\/tmbin.com\/de\/","title":{"rendered":"HOME"},"content":{"rendered":"<p>[et_pb_section fb_built=&#8220;1&#8243; _builder_version=&#8220;4.16&#8243; _module_preset=&#8220;default&#8220; background_image=&#8220;https:\/\/tmbin.com\/wp-content\/uploads\/2021\/02\/Z6V3327.jpg&#8220; min_height=&#8220;700px&#8220; min_height_tablet=&#8220;&#8220; min_height_phone=&#8220;&#8220; min_height_last_edited=&#8220;on|phone&#8220; max_height=&#8220;400px&#8220; custom_padding=&#8220;3px||146px||false|false&#8220; global_colors_info=&#8220;{}&#8220;][et_pb_row column_structure=&#8220;3_5,2_5&#8243; _builder_version=&#8220;4.16&#8243; _module_preset=&#8220;default&#8220; custom_padding=&#8220;21px||156px|||&#8220; global_colors_info=&#8220;{}&#8220;][et_pb_column type=&#8220;3_5&#8243; _builder_version=&#8220;4.16&#8243; _module_preset=&#8220;default&#8220; global_colors_info=&#8220;{}&#8220;][et_pb_image src=&#8220;https:\/\/tmbin.com\/wp-content\/uploads\/2021\/02\/logo1.png&#8220; title_text=&#8220;logo1&#8243; disabled_on=&#8220;on|off|off&#8220; _builder_version=&#8220;4.16&#8243; _module_preset=&#8220;default&#8220; width=&#8220;51%&#8220; max_width=&#8220;37%&#8220; custom_margin=&#8220;-150px||||false|false&#8220; global_colors_info=&#8220;{}&#8220;][\/et_pb_image][\/et_pb_column][et_pb_column type=&#8220;2_5&#8243; _builder_version=&#8220;4.16&#8243; _module_preset=&#8220;default&#8220; global_colors_info=&#8220;{}&#8220;][\/et_pb_column][\/et_pb_row][\/et_pb_section][et_pb_section fb_built=&#8220;1&#8243; _builder_version=&#8220;4.16&#8243; _module_preset=&#8220;default&#8220; background_color=&#8220;#000000&#8243; custom_margin=&#8220;0px||0px||false|false&#8220; custom_padding=&#8220;0px||0px||false|false&#8220; global_colors_info=&#8220;{}&#8220;][et_pb_row column_structure=&#8220;1_3,1_3,1_3&#8243; use_custom_gutter=&#8220;on&#8220; gutter_width=&#8220;1&#8243; make_equal=&#8220;on&#8220; _builder_version=&#8220;4.16&#8243; _module_preset=&#8220;default&#8220; width=&#8220;100%&#8220; max_width=&#8220;2560px&#8220; min_height=&#8220;500px&#8220; custom_margin=&#8220;0px||0px||false|false&#8220; custom_padding=&#8220;0px||0px|||&#8220; global_colors_info=&#8220;{}&#8220;][et_pb_column type=&#8220;1_3&#8243; _builder_version=&#8220;4.16&#8243; _module_preset=&#8220;default&#8220; background_image=&#8220;https:\/\/tmbin.com\/wp-content\/uploads\/2021\/02\/Z6V2477.jpg&#8220; global_colors_info=&#8220;{}&#8220;][et_pb_text _builder_version=&#8220;4.16&#8243; _module_preset=&#8220;default&#8220; header_font_size=&#8220;50px&#8220; text_orientation=&#8220;right&#8220; background_layout=&#8220;dark&#8220; min_height_tablet=&#8220;&#8220; min_height_phone=&#8220;400px&#8220; min_height_last_edited=&#8220;on|phone&#8220; custom_padding=&#8220;10%|10%|10%|10%|false|true&#8220; global_colors_info=&#8220;{}&#8220;]<\/p>\n<h1><span style=\"background-color: #cfb095;\">\u00a0NATUR.\u00a0<\/span><\/h1>\n<p>[\/et_pb_text][\/et_pb_column][et_pb_column type=&#8220;1_3&#8243; _builder_version=&#8220;4.16&#8243; _module_preset=&#8220;default&#8220; background_image=&#8220;https:\/\/tmbin.com\/wp-content\/uploads\/2021\/02\/Z6V3375.jpg&#8220; global_colors_info=&#8220;{}&#8220;][et_pb_text _builder_version=&#8220;4.16&#8243; _module_preset=&#8220;default&#8220; header_font_size=&#8220;50px&#8220; text_orientation=&#8220;right&#8220; background_layout=&#8220;dark&#8220; min_height_tablet=&#8220;&#8220; min_height_phone=&#8220;400px&#8220; min_height_last_edited=&#8220;on|phone&#8220; custom_padding=&#8220;10%|10%|10%|10%|false|true&#8220; global_colors_info=&#8220;{}&#8220;]<\/p>\n<h1><span style=\"background-color: #cfb095;\">\u00a0Erfahrungen.\u00a0<\/span><\/h1>\n<p>[\/et_pb_text][\/et_pb_column][et_pb_column type=&#8220;1_3&#8243; _builder_version=&#8220;4.16&#8243; _module_preset=&#8220;default&#8220; background_image=&#8220;https:\/\/tmbin.com\/wp-content\/uploads\/2021\/02\/Z6V2633-1.jpg&#8220; background_position=&#8220;top_center&#8220; global_colors_info=&#8220;{}&#8220;][et_pb_text _builder_version=&#8220;4.16&#8243; _module_preset=&#8220;default&#8220; header_font_size=&#8220;50px&#8220; text_orientation=&#8220;right&#8220; background_layout=&#8220;dark&#8220; min_height_tablet=&#8220;&#8220; min_height_phone=&#8220;400px&#8220; min_height_last_edited=&#8220;on|phone&#8220; custom_padding=&#8220;10%|10%|10%|10%|false|true&#8220; global_colors_info=&#8220;{}&#8220;]<\/p>\n<h1><span style=\"background-color: #cfb095;\">\u00a0Familie.\u00a0<\/span><\/h1>\n<p>[\/et_pb_text][\/et_pb_column][\/et_pb_row][\/et_pb_section][et_pb_section fb_built=&#8220;1&#8243; _builder_version=&#8220;4.16&#8243; _module_preset=&#8220;default&#8220; background_color=&#8220;#ededed&#8220; custom_margin=&#8220;0px||0px||false|false&#8220; custom_padding=&#8220;0px||0px|||&#8220; global_colors_info=&#8220;{}&#8220;][et_pb_row column_structure=&#8220;3_5,2_5&#8243; use_custom_gutter=&#8220;on&#8220; gutter_width=&#8220;1&#8243; make_equal=&#8220;on&#8220; _builder_version=&#8220;4.16&#8243; _module_preset=&#8220;default&#8220; background_color=&#8220;#cfb095&#8243; width=&#8220;100%&#8220; max_width=&#8220;2560px&#8220; custom_margin=&#8220;0px|auto||auto|false|false&#8220; custom_padding=&#8220;0px||0px|||&#8220; global_colors_info=&#8220;{}&#8220;][et_pb_column type=&#8220;3_5&#8243; _builder_version=&#8220;4.16&#8243; _module_preset=&#8220;default&#8220; background_image=&#8220;https:\/\/tmbin.com\/wp-content\/uploads\/2021\/02\/Z6V3680.jpg&#8220; background_enable_video_webm=&#8220;off&#8220; global_colors_info=&#8220;{}&#8220;][et_pb_text _builder_version=&#8220;4.16&#8243; _module_preset=&#8220;default&#8220; min_height=&#8220;451px&#8220; global_colors_info=&#8220;{}&#8220;][\/et_pb_text][\/et_pb_column][et_pb_column type=&#8220;2_5&#8243; _builder_version=&#8220;4.16&#8243; _module_preset=&#8220;default&#8220; background_color=&#8220;#cfb095&#8243; custom_padding=&#8220;80px|5%|80px|5%|true|true&#8220; global_colors_info=&#8220;{}&#8220;][et_pb_text _builder_version=&#8220;4.16&#8243; _module_preset=&#8220;default&#8220; text_font=&#8220;||||||||&#8220; text_font_size=&#8220;18px&#8220; text_line_height=&#8220;1.9em&#8220; header_font=&#8220;Abhaya Libre|700|||||||&#8220; header_3_font_size=&#8220;40px&#8220; text_orientation=&#8220;center&#8220; background_layout=&#8220;dark&#8220; custom_margin=&#8220;0px||0px||false|false&#8220; custom_padding=&#8220;||||true|true&#8220; global_colors_info=&#8220;{}&#8220;]<\/p>\n<h3 style=\"text-align: left;\">Entfliehen Sie dem langweiligen Alltag. Wachen Sie auf und lassen Sie sich von der warmen Sonne und dem erfrischenden Karstboden begr\u00fc\u00dfen, unter dem sich Jahrhunderte alte Geschichten verbergen, geschrieben von Mutter Natur.<\/h3>\n<p>[\/et_pb_text][\/et_pb_column][\/et_pb_row][\/et_pb_section][et_pb_section fb_built=&#8220;1&#8243; _builder_version=&#8220;4.16&#8243; _module_preset=&#8220;default&#8220; background_image=&#8220;https:\/\/tmbin.com\/wp-content\/uploads\/2021\/02\/Z6V2859.jpg&#8220; background_position=&#8220;bottom_center&#8220; min_height=&#8220;700px&#8220; global_colors_info=&#8220;{}&#8220;][et_pb_row _builder_version=&#8220;4.16&#8243; _module_preset=&#8220;default&#8220; custom_padding=&#8220;192px|||||&#8220; global_colors_info=&#8220;{}&#8220;][et_pb_column type=&#8220;4_4&#8243; _builder_version=&#8220;4.16&#8243; _module_preset=&#8220;default&#8220; global_colors_info=&#8220;{}&#8220;][et_pb_text _builder_version=&#8220;4.16&#8243; _module_preset=&#8220;default&#8220; header_font_size=&#8220;40px&#8220; background_layout=&#8220;dark&#8220; custom_padding=&#8220;30px|||||&#8220; global_colors_info=&#8220;{}&#8220;]<\/p>\n<h1>Willkommen in Tmbins Scheune.<\/h1>\n<p>[\/et_pb_text][\/et_pb_column][\/et_pb_row][\/et_pb_section][et_pb_section fb_built=&#8220;1&#8243; _builder_version=&#8220;4.16&#8243; _module_preset=&#8220;default&#8220; custom_padding=&#8220;0px||0px|||&#8220; global_colors_info=&#8220;{}&#8220;][et_pb_row column_structure=&#8220;2_5,3_5&#8243; use_custom_gutter=&#8220;on&#8220; gutter_width=&#8220;1&#8243; make_equal=&#8220;on&#8220; _builder_version=&#8220;4.16&#8243; _module_preset=&#8220;default&#8220; background_color=&#8220;#cfb095&#8243; width=&#8220;100%&#8220; max_width=&#8220;2560px&#8220; custom_margin=&#8220;0px|auto||auto|false|false&#8220; custom_padding=&#8220;0px||0px|||&#8220; global_colors_info=&#8220;{}&#8220;][et_pb_column type=&#8220;2_5&#8243; _builder_version=&#8220;4.16&#8243; _module_preset=&#8220;default&#8220; background_color=&#8220;#212121&#8243; custom_padding=&#8220;80px|5%|80px|5%|true|true&#8220; global_colors_info=&#8220;{}&#8220;][et_pb_text _builder_version=&#8220;4.16&#8243; _module_preset=&#8220;default&#8220; header_font_size=&#8220;40px&#8220; background_layout=&#8220;dark&#8220; custom_padding=&#8220;30px|||||&#8220; global_colors_info=&#8220;{}&#8220;]<\/p>\n<h1>KARST-FAMILIENERLEBNISSE<\/h1>\n<p>[\/et_pb_text][et_pb_text _builder_version=&#8220;4.16&#8243; _module_preset=&#8220;default&#8220; text_font=&#8220;||||||||&#8220; text_font_size=&#8220;18px&#8220; text_line_height=&#8220;1.9em&#8220; header_font=&#8220;Abhaya Libre|700|||||||&#8220; text_orientation=&#8220;center&#8220; background_layout=&#8220;dark&#8220; custom_margin=&#8220;0px||0px||false|false&#8220; custom_padding=&#8220;||||true|true&#8220; global_colors_info=&#8220;{}&#8220;]<\/p>\n<div class=\"page\" title=\"Page 5\">\n<div class=\"section\">\n<div class=\"layoutArea\">\n<div class=\"column\">\n<p style=\"text-align: justify;\">Tmbins Scheune ist als typisches altes Ferienhaus im Karststil eingerichtet, umgeben von einem Wald auf der einen und einem Lavendelfeld auf der anderen Seite, mit Reitsport im Herzen und Yoga in der Seele. Die ruhige Umgebung des Dorfes Povir und der umliegenden Region bietet unz\u00e4hlige M\u00f6glichkeiten zum Entspannen in der Natur, zu Fu\u00df oder mit dem Rad, um die Harmonie der Seele mit der heilsamen Ber\u00fchrung der Pferde oder mit Yoga wiederherzustellen, sowie zum Erkunden der einzigartigen Karstwelt, deren Geschichten immer wieder zu inspirieren wissen. F\u00fcr die perfekte Wochenend-Familienentspannung oder einen Tagesausflug mit den Kleinen.<\/p>\n<\/div>\n<\/div>\n<\/div>\n<\/div>\n<p>[\/et_pb_text][et_pb_button button_url=&#8220;https:\/\/tmbin.com\/de\/erfahrungen\/&#8220; button_text=&#8220;Mehr&#8220; _builder_version=&#8220;4.16&#8243; _module_preset=&#8220;26cddb0c-28e6-45e0-aa3d-6ed20faa0b3d&#8220; custom_margin=&#8220;30px||10px||false|false&#8220; global_colors_info=&#8220;{}&#8220;][\/et_pb_button][\/et_pb_column][et_pb_column type=&#8220;3_5&#8243; _builder_version=&#8220;4.16&#8243; _module_preset=&#8220;default&#8220; background_image=&#8220;https:\/\/tmbin.com\/wp-content\/uploads\/2021\/02\/Z6V3467.jpg&#8220; background_enable_video_webm=&#8220;off&#8220; global_colors_info=&#8220;{}&#8220;][et_pb_text _builder_version=&#8220;4.16&#8243; _module_preset=&#8220;default&#8220; min_height=&#8220;451px&#8220; global_colors_info=&#8220;{}&#8220;][\/et_pb_text][\/et_pb_column][\/et_pb_row][\/et_pb_section][et_pb_section fb_built=&#8220;1&#8243; _builder_version=&#8220;4.16&#8243; _module_preset=&#8220;default&#8220; background_color=&#8220;#ededed&#8220; custom_margin=&#8220;0px||0px||false|false&#8220; custom_padding=&#8220;0px||0px|||&#8220; global_colors_info=&#8220;{}&#8220;][et_pb_row column_structure=&#8220;3_5,2_5&#8243; use_custom_gutter=&#8220;on&#8220; gutter_width=&#8220;1&#8243; make_equal=&#8220;on&#8220; _builder_version=&#8220;4.16&#8243; _module_preset=&#8220;default&#8220; background_color=&#8220;#cfb095&#8243; width=&#8220;100%&#8220; max_width=&#8220;2560px&#8220; custom_margin=&#8220;0px|auto||auto|false|false&#8220; custom_padding=&#8220;0px||0px|||&#8220; global_colors_info=&#8220;{}&#8220;][et_pb_column type=&#8220;3_5&#8243; _builder_version=&#8220;4.16&#8243; _module_preset=&#8220;default&#8220; background_image=&#8220;https:\/\/tmbin.com\/wp-content\/uploads\/2021\/02\/Z6V3543.jpg&#8220; background_enable_video_webm=&#8220;off&#8220; global_colors_info=&#8220;{}&#8220;][et_pb_text _builder_version=&#8220;4.16&#8243; _module_preset=&#8220;default&#8220; min_height=&#8220;451px&#8220; global_colors_info=&#8220;{}&#8220;][\/et_pb_text][\/et_pb_column][et_pb_column type=&#8220;2_5&#8243; _builder_version=&#8220;4.16&#8243; _module_preset=&#8220;default&#8220; background_color=&#8220;#cfb095&#8243; custom_padding=&#8220;80px|5%|80px|5%|true|true&#8220; global_colors_info=&#8220;{}&#8220;][et_pb_text _builder_version=&#8220;4.16&#8243; _module_preset=&#8220;default&#8220; header_font_size=&#8220;40px&#8220; background_layout=&#8220;dark&#8220; custom_padding=&#8220;30px|||||&#8220; global_colors_info=&#8220;{}&#8220;]<\/p>\n<h1>\u00fcber uns<\/h1>\n<p>[\/et_pb_text][et_pb_text _builder_version=&#8220;4.16&#8243; _module_preset=&#8220;default&#8220; text_font=&#8220;||||||||&#8220; text_font_size=&#8220;18px&#8220; text_line_height=&#8220;1.9em&#8220; header_font=&#8220;Abhaya Libre|700|||||||&#8220; text_orientation=&#8220;center&#8220; background_layout=&#8220;dark&#8220; custom_margin=&#8220;0px||0px||false|false&#8220; custom_padding=&#8220;||||true|true&#8220; global_colors_info=&#8220;{}&#8220;]<\/p>\n<p style=\"text-align: left;\">Taja und Miha. Sie ist Lehrerin f\u00fcr Italienisch und Englisch an der Grundschule sowie Yogalehrerin. Er ist Leiter des \u00f6rtlichen Steinmetzbetriebs und Weltmeister im Marathon-Doppelreiten mit Lipizzanern. Sie sind Eltern von drei Kindern. Gemeinsam schreiben sie die Geschichte von Tmbins Scheune \u2013 einem H\u00e4usschen im Karststil, umgeben vom Wald auf der einen und einem Lavendelfeld auf der anderen Seite, mit Reitsport im Herzen und Yoga in der Seele. F\u00fcr komplette Entspannung und einen gesunden K\u00f6rper.<\/p>\n<p>[\/et_pb_text][et_pb_button button_url=&#8220;https:\/\/tmbin.com\/de\/uber-uns\/&#8220; button_text=&#8220;Mehr&#8220; _builder_version=&#8220;4.16&#8243; _module_preset=&#8220;26cddb0c-28e6-45e0-aa3d-6ed20faa0b3d&#8220; custom_button=&#8220;on&#8220; button_bg_color=&#8220;#000000&#8243; button_use_icon=&#8220;off&#8220; custom_margin=&#8220;30px||10px||false|false&#8220; global_colors_info=&#8220;{}&#8220;][\/et_pb_button][\/et_pb_column][\/et_pb_row][\/et_pb_section]<\/p>\n","protected":false},"excerpt":{"rendered":"<p>\u00a0NATUR.\u00a0\u00a0Erfahrungen.\u00a0\u00a0Familie.\u00a0Entfliehen Sie dem langweiligen Alltag. Wachen Sie auf und lassen Sie sich von der warmen Sonne und dem erfrischenden Karstboden begr\u00fc\u00dfen, unter dem sich Jahrhunderte alte Geschichten verbergen, geschrieben von Mutter Natur.Willkommen in Tmbins Scheune.KARST-FAMILIENERLEBNISSE Tmbins Scheune ist als typisches altes Ferienhaus im Karststil eingerichtet, umgeben von einem Wald auf der einen und einem Lavendelfeld [&hellip;]<\/p>\n","protected":false},"author":1,"featured_media":6556,"parent":0,"menu_order":0,"comment_status":"closed","ping_status":"closed","template":"","meta":{"_et_pb_use_builder":"on","_et_pb_old_content":"","_et_gb_content_width":"","footnotes":""},"class_list":["post-6686","page","type-page","status-publish","has-post-thumbnail","hentry"],"_links":{"self":[{"href":"https:\/\/tmbin.com\/de\/wp-json\/wp\/v2\/pages\/6686","targetHints":{"allow":["GET"]}}],"collection":[{"href":"https:\/\/tmbin.com\/de\/wp-json\/wp\/v2\/pages"}],"about":[{"href":"https:\/\/tmbin.com\/de\/wp-json\/wp\/v2\/types\/page"}],"author":[{"embeddable":true,"href":"https:\/\/tmbin.com\/de\/wp-json\/wp\/v2\/users\/1"}],"replies":[{"embeddable":true,"href":"https:\/\/tmbin.com\/de\/wp-json\/wp\/v2\/comments?post=6686"}],"version-history":[{"count":3,"href":"https:\/\/tmbin.com\/de\/wp-json\/wp\/v2\/pages\/6686\/revisions"}],"predecessor-version":[{"id":6873,"href":"https:\/\/tmbin.com\/de\/wp-json\/wp\/v2\/pages\/6686\/revisions\/6873"}],"wp:featuredmedia":[{"embeddable":true,"href":"https:\/\/tmbin.com\/de\/wp-json\/wp\/v2\/media\/6556"}],"wp:attachment":[{"href":"https:\/\/tmbin.com\/de\/wp-json\/wp\/v2\/media?parent=6686"}],"curies":[{"name":"wp","href":"https:\/\/api.w.org\/{rel}","templated":true}]}}