{"id":6682,"date":"2021-04-29T22:35:43","date_gmt":"2021-04-29T20:35:43","guid":{"rendered":"https:\/\/tmbin.com\/?page_id=6682"},"modified":"2021-04-29T22:39:02","modified_gmt":"2021-04-29T20:39:02","slug":"lokation","status":"publish","type":"page","link":"https:\/\/tmbin.com\/de\/lokation\/","title":{"rendered":"Standort"},"content":{"rendered":"<p>[et_pb_section fb_built=&#8220;1&#8243; _builder_version=&#8220;4.7.0&#8243; _module_preset=&#8220;default&#8220; background_color=&#8220;rgba(0,0,0,0.47)&#8220; background_image=&#8220;https:\/\/tmbin.com\/wp-content\/uploads\/2021\/02\/Z6V1989.jpg&#8220; background_position=&#8220;bottom_center&#8220; background_enable_video_webm=&#8220;off&#8220; min_height=&#8220;700px&#8220; custom_padding=&#8220;||57px|||&#8220;][et_pb_row column_structure=&#8220;1_3,1_3,1_3&#8243; _builder_version=&#8220;4.7.0&#8243; _module_preset=&#8220;default&#8220; custom_margin=&#8220;250px||||false|false&#8220;][et_pb_column type=&#8220;1_3&#8243; _builder_version=&#8220;4.7.0&#8243; _module_preset=&#8220;default&#8220;][et_pb_text module_class=&#8220;highlightme&#8220; _builder_version=&#8220;4.7.0&#8243; _module_preset=&#8220;default&#8220; text_text_color=&#8220;#383838&#8243; header_text_color=&#8220;#FFFFFF&#8220; header_font_size=&#8220;62px&#8220; custom_padding=&#8220;10px||||false|true&#8220;]<\/p>\n<h1>\u00a0Standort<\/h1>\n<p>[\/et_pb_text][\/et_pb_column][et_pb_column type=&#8220;1_3&#8243; _builder_version=&#8220;4.7.0&#8243; _module_preset=&#8220;default&#8220;][\/et_pb_column][et_pb_column type=&#8220;1_3&#8243; _builder_version=&#8220;4.7.0&#8243; _module_preset=&#8220;default&#8220;][\/et_pb_column][\/et_pb_row][\/et_pb_section][et_pb_section fb_built=&#8220;1&#8243; _builder_version=&#8220;4.7.0&#8243; _module_preset=&#8220;default&#8220; background_enable_color=&#8220;off&#8220; custom_padding=&#8220;||0px|||&#8220;][et_pb_row column_structure=&#8220;3_5,2_5&#8243; _builder_version=&#8220;4.7.0&#8243; _module_preset=&#8220;default&#8220; custom_padding=&#8220;4px|||||&#8220;][et_pb_column type=&#8220;3_5&#8243; _builder_version=&#8220;4.7.0&#8243; _module_preset=&#8220;default&#8220;][et_pb_text _builder_version=&#8220;4.9.2&#8243; _module_preset=&#8220;default&#8220; text_font=&#8220;||||||||&#8220; text_text_color=&#8220;#3a3a3a&#8220; text_font_size=&#8220;18px&#8220; text_line_height=&#8220;1.9em&#8220; header_font=&#8220;Abhaya Libre|700|||||||&#8220;]<\/p>\n<p>Tmbins Scheune liegt auf dem Lande, in der ruhigen Umgebung des Karstdorfes Povir, in der N\u00e4he von Se\u017eana. Umgeben von Lavendelfeldern, Strohblumenwiesen mit Heilkr\u00e4ften und einem Karstwald aus Kiefern, Wacholder und Eichen, l\u00e4dt die Umgebung zu einem Spaziergang unter dem \u00fcppigen Bl\u00e4tterdach der B\u00e4ume ein, der Ihre Lungen ganz selbstlos mit frischer Waldluft mit ihren heilsamen \u00e4therischen \u00d6len erf\u00fcllt. Perfekt f\u00fcr ein Bad im Wald, den inneren Neustart und die Verbindung mit der eigenen Urnatur. Die ruhige Lage bietet unz\u00e4hlige M\u00f6glichkeiten zu Entspannen in der Natur, zu Fu\u00df oder mit dem Rad, zum Wiederherstellen der Harmonie der Seele mit der heilsamen Ber\u00fchrung der Pferde oder mit Yoga, sowie zum Erkunden der einzigartigen Karstwelt, deren Geschichten immer wieder zu inspirieren wissen.<\/p>\n<p>&nbsp;<\/p>\n<p>[\/et_pb_text][\/et_pb_column][et_pb_column type=&#8220;2_5&#8243; _builder_version=&#8220;4.7.0&#8243; _module_preset=&#8220;default&#8220;][\/et_pb_column][\/et_pb_row][et_pb_row column_structure=&#8220;1_3,1_3,1_3&#8243; use_custom_gutter=&#8220;on&#8220; gutter_width=&#8220;1&#8243; make_equal=&#8220;on&#8220; _builder_version=&#8220;4.9.2&#8243; _module_preset=&#8220;default&#8220; width=&#8220;100%&#8220; max_width=&#8220;2560px&#8220; min_height=&#8220;500px&#8220; custom_padding=&#8220;1px||0px|||&#8220;][et_pb_column type=&#8220;1_3&#8243; _builder_version=&#8220;4.7.0&#8243; _module_preset=&#8220;default&#8220; background_image=&#8220;https:\/\/tmbin.com\/wp-content\/uploads\/2021\/02\/Z6V2040.jpg&#8220;][et_pb_text _builder_version=&#8220;4.9.2&#8243; _module_preset=&#8220;default&#8220; header_font_size=&#8220;50px&#8220; text_orientation=&#8220;right&#8220; background_layout=&#8220;dark&#8220; min_height_tablet=&#8220;&#8220; min_height_phone=&#8220;400px&#8220; min_height_last_edited=&#8220;on|phone&#8220; custom_padding=&#8220;10%|10%|10%|10%|false|true&#8220; link_option_url=&#8220;https:\/\/tmbin.com\/de\/scheune\/&#8220; hover_enabled=&#8220;0&#8243; sticky_enabled=&#8220;0&#8243;]<\/p>\n<h1><span style=\"background-color: #cfb095;\"> Scheune.\u00a0<\/span><\/h1>\n<p>[\/et_pb_text][\/et_pb_column][et_pb_column type=&#8220;1_3&#8243; _builder_version=&#8220;4.7.0&#8243; _module_preset=&#8220;default&#8220; background_image=&#8220;https:\/\/tmbin.com\/wp-content\/uploads\/2021\/02\/HIS\u030cAKRASNA312.jpg&#8220; background_position=&#8220;top_center&#8220;][et_pb_text _builder_version=&#8220;4.9.2&#8243; _module_preset=&#8220;default&#8220; header_font_size=&#8220;50px&#8220; text_orientation=&#8220;right&#8220; background_layout=&#8220;dark&#8220; min_height_tablet=&#8220;&#8220; min_height_phone=&#8220;400px&#8220; min_height_last_edited=&#8220;on|phone&#8220; custom_padding=&#8220;10%|10%|10%|10%|false|true&#8220; link_option_url=&#8220;https:\/\/tmbin.com\/dozivetja&#8220; hover_enabled=&#8220;0&#8243; sticky_enabled=&#8220;0&#8243;]<\/p>\n<h1><a href=\"https:\/\/tmbin.com\/de\/erfahrungen\/\"><span style=\"background-color: #cfb095;\">\u00a0Erfahrungen.\u00a0<\/span><\/a><\/h1>\n<p>[\/et_pb_text][\/et_pb_column][et_pb_column type=&#8220;1_3&#8243; _builder_version=&#8220;4.7.0&#8243; _module_preset=&#8220;default&#8220; background_image=&#8220;https:\/\/tmbin.com\/wp-content\/uploads\/2021\/02\/Z6V2979.jpg&#8220;][et_pb_text _builder_version=&#8220;4.9.2&#8243; _module_preset=&#8220;default&#8220; header_font_size=&#8220;50px&#8220; text_orientation=&#8220;right&#8220; background_layout=&#8220;dark&#8220; min_height_tablet=&#8220;&#8220; min_height_phone=&#8220;400px&#8220; min_height_last_edited=&#8220;on|phone&#8220; custom_padding=&#8220;10%|10%|10%|10%|false|true&#8220; hover_enabled=&#8220;0&#8243; sticky_enabled=&#8220;0&#8243;]<\/p>\n<h1><span style=\"background-color: #cfb095;\">\u00a0<a href=\"https:\/\/tmbin.com\/de\/erfahrungen\/#a\">Reitsport.\u00a0<\/a><\/span><\/h1>\n<p>[\/et_pb_text][\/et_pb_column][\/et_pb_row][\/et_pb_section][et_pb_section fb_built=&#8220;1&#8243; _builder_version=&#8220;4.9.0&#8243; _module_preset=&#8220;default&#8220; custom_padding=&#8220;14px||5px|||&#8220;][et_pb_row _builder_version=&#8220;4.9.0&#8243; _module_preset=&#8220;default&#8220;][et_pb_column type=&#8220;4_4&#8243; _builder_version=&#8220;4.9.0&#8243; _module_preset=&#8220;default&#8220;][et_pb_text _builder_version=&#8220;4.9.2&#8243; _module_preset=&#8220;default&#8220; text_font_size=&#8220;18px&#8220; text_line_height=&#8220;1.9em&#8220; header_text_color=&#8220;#cfb095&#8243; header_font_size=&#8220;42px&#8220;]<\/p>\n<h1>WO FINDEN SIE UNS?<\/h1>\n<p>Genie\u00dfen Sie eine erf\u00fcllte und heilsame Verbindung mit Pferden und der Karstnatur. Nehmen Sie sich Zeit, um die noch unentdeckten Winkel Ihrer Seele zu erkunden.<\/p>\n<p>[\/et_pb_text][\/et_pb_column][\/et_pb_row][\/et_pb_section][et_pb_section fb_built=&#8220;1&#8243; _builder_version=&#8220;4.7.0&#8243; _module_preset=&#8220;default&#8220; custom_padding=&#8220;3px||0px|||&#8220;][et_pb_row use_custom_gutter=&#8220;on&#8220; gutter_width=&#8220;1&#8243; _builder_version=&#8220;4.7.0&#8243; _module_preset=&#8220;default&#8220; width=&#8220;100%&#8220; max_width=&#8220;2560px&#8220; custom_padding=&#8220;0px|||||&#8220;][et_pb_column type=&#8220;4_4&#8243; _builder_version=&#8220;4.7.0&#8243; _module_preset=&#8220;default&#8220;][et_pb_code _builder_version=&#8220;4.7.0&#8243; _module_preset=&#8220;default&#8220; custom_margin=&#8220;||-32px|||&#8220;]<iframe src=\"https:\/\/www.google.com\/maps\/embed?pb=!1m18!1m12!1m3!1d89231.566684592!2d13.914142424619724!3d45.66113377758983!2m3!1f0!2f0!3f0!3m2!1i1024!2i768!4f13.1!3m3!1m2!1s0x477b3f01a6746f27%3A0x4057346925a440eb!2sMiha%20Tav%C4%8Dar%20-%20dopolnilna%20dejavnost%20na%20kmetiji%20Tmbin!5e0!3m2!1shr!2str!4v1613809731033!5m2!1shr!2str\" width=\"100%\" height=\"600\" style=\"border:0;\" allowfullscreen=\"\" loading=\"lazy\"><\/iframe>[\/et_pb_code][\/et_pb_column][\/et_pb_row][\/et_pb_section]<\/p>\n","protected":false},"excerpt":{"rendered":"<p>\u00a0StandortTmbins Scheune liegt auf dem Lande, in der ruhigen Umgebung des Karstdorfes Povir, in der N\u00e4he von Se\u017eana. Umgeben von Lavendelfeldern, Strohblumenwiesen mit Heilkr\u00e4ften und einem Karstwald aus Kiefern, Wacholder und Eichen, l\u00e4dt die Umgebung zu einem Spaziergang unter dem \u00fcppigen Bl\u00e4tterdach der B\u00e4ume ein, der Ihre Lungen ganz selbstlos mit frischer Waldluft mit ihren [&hellip;]<\/p>\n","protected":false},"author":1,"featured_media":6473,"parent":0,"menu_order":0,"comment_status":"closed","ping_status":"closed","template":"","meta":{"_et_pb_use_builder":"on","_et_pb_old_content":"","_et_gb_content_width":"","footnotes":""},"class_list":["post-6682","page","type-page","status-publish","has-post-thumbnail","hentry"],"_links":{"self":[{"href":"https:\/\/tmbin.com\/de\/wp-json\/wp\/v2\/pages\/6682","targetHints":{"allow":["GET"]}}],"collection":[{"href":"https:\/\/tmbin.com\/de\/wp-json\/wp\/v2\/pages"}],"about":[{"href":"https:\/\/tmbin.com\/de\/wp-json\/wp\/v2\/types\/page"}],"author":[{"embeddable":true,"href":"https:\/\/tmbin.com\/de\/wp-json\/wp\/v2\/users\/1"}],"replies":[{"embeddable":true,"href":"https:\/\/tmbin.com\/de\/wp-json\/wp\/v2\/comments?post=6682"}],"version-history":[{"count":2,"href":"https:\/\/tmbin.com\/de\/wp-json\/wp\/v2\/pages\/6682\/revisions"}],"predecessor-version":[{"id":6685,"href":"https:\/\/tmbin.com\/de\/wp-json\/wp\/v2\/pages\/6682\/revisions\/6685"}],"wp:featuredmedia":[{"embeddable":true,"href":"https:\/\/tmbin.com\/de\/wp-json\/wp\/v2\/media\/6473"}],"wp:attachment":[{"href":"https:\/\/tmbin.com\/de\/wp-json\/wp\/v2\/media?parent=6682"}],"curies":[{"name":"wp","href":"https:\/\/api.w.org\/{rel}","templated":true}]}}