{"id":6661,"date":"2021-04-27T10:02:58","date_gmt":"2021-04-27T08:02:58","guid":{"rendered":"https:\/\/tmbin.com\/barn\/"},"modified":"2021-04-29T22:26:56","modified_gmt":"2021-04-29T20:26:56","slug":"scheune","status":"publish","type":"page","link":"https:\/\/tmbin.com\/de\/scheune\/","title":{"rendered":"Unterkunft in der Scheune"},"content":{"rendered":"<p>[et_pb_section fb_built=&#8220;1&#8243; _builder_version=&#8220;4.9.0&#8243; _module_preset=&#8220;default&#8220; background_color=&#8220;rgba(0,0,0,0.47)&#8220; background_image=&#8220;https:\/\/tmbin.com\/wp-content\/uploads\/2021\/03\/DSC_6225_Fotor.jpg&#8220; background_position=&#8220;bottom_center&#8220; background_enable_video_webm=&#8220;off&#8220; min_height=&#8220;700px&#8220; custom_padding=&#8220;||57px|||&#8220;][et_pb_row _builder_version=&#8220;4.7.0&#8243; _module_preset=&#8220;default&#8220;][et_pb_column type=&#8220;4_4&#8243; _builder_version=&#8220;4.7.0&#8243; _module_preset=&#8220;default&#8220;][et_pb_text _builder_version=&#8220;4.7.0&#8243; _module_preset=&#8220;default&#8220; header_font_size=&#8220;62px&#8220; background_layout=&#8220;dark&#8220; custom_padding=&#8220;||||false|true&#8220;]<\/p>\n<h1><span style=\"background-color: #cfb095;\">\u00a0Unterkunft <br \/>in der Scheune \u00a0<\/span><\/h1>\n<p>[\/et_pb_text][\/et_pb_column][\/et_pb_row][\/et_pb_section][et_pb_section fb_built=&#8220;1&#8243; _builder_version=&#8220;4.7.0&#8243; _module_preset=&#8220;default&#8220; background_enable_color=&#8220;off&#8220; custom_padding=&#8220;||0px|||&#8220;][et_pb_row column_structure=&#8220;2_5,3_5&#8243; _builder_version=&#8220;4.7.0&#8243; _module_preset=&#8220;default&#8220; custom_padding=&#8220;4px|||||&#8220;][et_pb_column type=&#8220;2_5&#8243; _builder_version=&#8220;4.7.0&#8243; _module_preset=&#8220;default&#8220;][et_pb_text _builder_version=&#8220;4.9.0&#8243; _module_preset=&#8220;default&#8220; header_text_color=&#8220;#cfb095&#8243; header_font_size=&#8220;37px&#8220;]<\/p>\n<h1>Entfliehen Sie dem langweiligen Alltag. Wachen Sie auf und lassen Sie sich von der warmen Sonne und dem erfrischenden Karstboden begr\u00fc\u00dfen, unter dem sich Jahrhunderte alte Geschichten verbergen, geschrieben von Mutter Natur.<\/h1>\n<p>[\/et_pb_text][\/et_pb_column][et_pb_column type=&#8220;3_5&#8243; _builder_version=&#8220;4.7.0&#8243; _module_preset=&#8220;default&#8220;][et_pb_text _builder_version=&#8220;4.7.0&#8243; _module_preset=&#8220;default&#8220; text_font=&#8220;||||||||&#8220; text_text_color=&#8220;#3a3a3a&#8220; text_font_size=&#8220;18px&#8220; text_line_height=&#8220;1.9em&#8220; header_font=&#8220;Abhaya Libre|700|||||||&#8220;]<\/p>\n<div class=\"wpb_text_column wpb_content_element \"><\/div>\n<div class=\"wpb_text_column wpb_content_element \">\n<div class=\"wpb_wrapper\">\n<div class=\"wpb_text_column wpb_content_element \">\n<div class=\"wpb_wrapper\">\n<div class=\"wpb_text_column wpb_content_element \">\n<div class=\"wpb_wrapper\">\n<p>Stellen Sie sich vor, morgens von den sanften Strahlen der Sonne und dem berauschenden Duft von Lavendel geweckt zu werden. Ihre F\u00fc\u00dfe ber\u00fchren den erfrischenden Karstboden, unter dem jahrhundertealte, von Mutter Natur verfasste Geschichten verborgen liegen. Ihr Blick ruht auf den dunkelgr\u00fcnen Farben des Waldes, der Ihren Besuch und Ihre Erdung in der Gesellschaft von Kiefern, Wacholder und Eichen kaum erwarten kann. Unter dem Fenster werden Sie von einem echten Lipizzaner begr\u00fc\u00dft, der Sie zum Fr\u00fchst\u00fccken auf der Terrasse zwischen den bl\u00fchenden Hortensien einl\u00e4dt. Machen Sie eine Pause vom Alltagsstress und nehmen Sie sich Zeit, die noch unentdeckten Winkel Ihrer Seele und das zu erkunden, was im Leben wirklich z\u00e4hlt. Natur. Erfahrungen. Familie. Willkommen bei Tmbins Scheune.<\/p>\n<\/div>\n<\/div>\n<\/div>\n<\/div>\n<\/div>\n<\/div>\n<p>[\/et_pb_text][\/et_pb_column][\/et_pb_row][et_pb_row column_structure=&#8220;2_5,3_5&#8243; _builder_version=&#8220;4.9.0&#8243; _module_preset=&#8220;default&#8220; custom_margin=&#8220;-3px|auto||auto||&#8220;][et_pb_column type=&#8220;2_5&#8243; _builder_version=&#8220;4.9.0&#8243; _module_preset=&#8220;default&#8220;][et_pb_image src=&#8220;https:\/\/tmbin.com\/wp-content\/uploads\/2021\/02\/Z6V2040.jpg&#8220; title_text=&#8220;_Z6V2040&#8243; _builder_version=&#8220;4.9.0&#8243; _module_preset=&#8220;default&#8220;][\/et_pb_image][\/et_pb_column][et_pb_column type=&#8220;3_5&#8243; _builder_version=&#8220;4.9.0&#8243; _module_preset=&#8220;default&#8220;][et_pb_text _builder_version=&#8220;4.7.0&#8243; _module_preset=&#8220;default&#8220; text_font=&#8220;||||||||&#8220; text_text_color=&#8220;#3a3a3a&#8220; text_font_size=&#8220;18px&#8220; text_line_height=&#8220;1.9em&#8220; header_font=&#8220;Abhaya Libre|700|||||||&#8220;]<\/p>\n<div class=\"wpb_text_column wpb_content_element \"><\/div>\n<div class=\"wpb_text_column wpb_content_element \">\n<div class=\"wpb_wrapper\">\n<div class=\"wpb_text_column wpb_content_element \">\n<div class=\"wpb_wrapper\">\n<div class=\"wpb_text_column wpb_content_element \">\n<div class=\"wpb_wrapper\">\n<p>Tmbins Scheune ist in einem typischen alten Karsthaus untergebracht, dort, wo fr\u00fcher eine Scheune stand \u2013 daher der Name \u201eTmbins Scheune\u201c. Das komplett renovierte Ferienhaus wurde aus nat\u00fcrlichen Materialien errichtet \u2013 warmes Holz und kalter Karststein aus eigener Produktion. Es bietet die perfekte Unterkunft f\u00fcr eine Familie oder bis zu 6 Personen sowie ein Haustier. Direkt neben dem Ferienhaus gibt es einen Pferdestall mit f\u00fcnf Lipizzanern, eine Terrasse, einen Garten mit bequemen Unterk\u00fcnften, viel Gr\u00fcnfl\u00e4chen f\u00fcr spontanes Spielen der Kinder, einen Picknickplatz mit Grill und ein Kinderbaumhaus f\u00fcr neue Urlaubserinnerungen.<\/p>\n<\/div>\n<\/div>\n<\/div>\n<\/div>\n<\/div>\n<\/div>\n<p>[\/et_pb_text][\/et_pb_column][\/et_pb_row][\/et_pb_section][et_pb_section fb_built=&#8220;1&#8243; _builder_version=&#8220;4.7.0&#8243; _module_preset=&#8220;default&#8220; custom_padding=&#8220;0px||0px|||&#8220;][et_pb_row column_structure=&#8220;1_4,1_4,1_4,1_4&#8243; use_custom_gutter=&#8220;on&#8220; gutter_width=&#8220;1&#8243; make_equal=&#8220;on&#8220; _builder_version=&#8220;4.9.0&#8243; _module_preset=&#8220;default&#8220; width=&#8220;100%&#8220; max_width=&#8220;2560px&#8220; custom_padding=&#8220;1px||0px|||&#8220;][et_pb_column type=&#8220;1_4&#8243; _builder_version=&#8220;4.7.0&#8243; _module_preset=&#8220;default&#8220; background_image=&#8220;https:\/\/tmbin.com\/wp-content\/uploads\/2021\/02\/Helvcek-TMBIN-notranjost8.jpg&#8220;][et_pb_text _builder_version=&#8220;4.7.0&#8243; _module_preset=&#8220;default&#8220; min_height=&#8220;450px&#8220;][\/et_pb_text][\/et_pb_column][et_pb_column type=&#8220;1_4&#8243; _builder_version=&#8220;4.7.0&#8243; _module_preset=&#8220;default&#8220; background_image=&#8220;https:\/\/tmbin.com\/wp-content\/uploads\/2021\/02\/Helvcek-TMBIN-notranjost6.jpg&#8220;][et_pb_text _builder_version=&#8220;4.7.0&#8243; _module_preset=&#8220;default&#8220; min_height=&#8220;450px&#8220;][\/et_pb_text][\/et_pb_column][et_pb_column type=&#8220;1_4&#8243; _builder_version=&#8220;4.7.0&#8243; _module_preset=&#8220;default&#8220; background_image=&#8220;https:\/\/tmbin.com\/wp-content\/uploads\/2021\/02\/Helvcek-TMBIN-notranjost4.jpg&#8220; background_position=&#8220;top_center&#8220;][et_pb_text _builder_version=&#8220;4.7.0&#8243; _module_preset=&#8220;default&#8220; min_height=&#8220;450px&#8220;][\/et_pb_text][\/et_pb_column][et_pb_column type=&#8220;1_4&#8243; _builder_version=&#8220;4.9.0&#8243; _module_preset=&#8220;default&#8220; background_image=&#8220;https:\/\/tmbin.com\/wp-content\/uploads\/2021\/02\/Helvcek-TMBIN-notranjost15.jpg&#8220; background_position=&#8220;top_center&#8220;][\/et_pb_column][\/et_pb_row][\/et_pb_section][et_pb_section fb_built=&#8220;1&#8243; _builder_version=&#8220;4.7.0&#8243; _module_preset=&#8220;default&#8220; background_color=&#8220;#ededed&#8220;][et_pb_row _builder_version=&#8220;4.7.0&#8243; _module_preset=&#8220;default&#8220; width=&#8220;85%&#8220; max_width=&#8220;2560px&#8220; custom_padding=&#8220;||0px|||&#8220;][et_pb_column type=&#8220;4_4&#8243; _builder_version=&#8220;4.7.0&#8243; _module_preset=&#8220;default&#8220;][et_pb_text _builder_version=&#8220;4.9.2&#8243; _module_preset=&#8220;default&#8220; text_font=&#8220;||||||||&#8220; text_text_color=&#8220;#6b6b6b&#8220; text_font_size=&#8220;15px&#8220; text_line_height=&#8220;1.9em&#8220; header_font=&#8220;Abhaya Libre|700|||||||&#8220; hover_enabled=&#8220;0&#8243; sticky_enabled=&#8220;0&#8243;]<\/p>\n<h3>F\u00fcr kompletten Komfort bieten wir:<\/h3>\n<p>[\/et_pb_text][\/et_pb_column][\/et_pb_row][et_pb_row column_structure=&#8220;1_3,1_3,1_3&#8243; _builder_version=&#8220;4.7.0&#8243; _module_preset=&#8220;default&#8220; width=&#8220;85%&#8220; max_width=&#8220;2560px&#8220;][et_pb_column type=&#8220;1_3&#8243; _builder_version=&#8220;4.7.0&#8243; _module_preset=&#8220;default&#8220;][et_pb_blurb title=&#8220;Parken&#8220; use_icon=&#8220;on&#8220; font_icon=&#8220;%%190%%&#8220; icon_color=&#8220;#cfb095&#8243; icon_placement=&#8220;left&#8220; _builder_version=&#8220;4.9.2&#8243; _module_preset=&#8220;default&#8220; header_font_size=&#8220;25px&#8220; body_font_size=&#8220;15px&#8220;]<\/p>\n<p>Kostenlose Parkpl\u00e4tze vor dem Ferienhaus.<\/p>\n<p>[\/et_pb_blurb][et_pb_blurb title=&#8220;Familienzimmer&#8220; use_icon=&#8220;on&#8220; font_icon=&#8220;%%190%%&#8220; icon_color=&#8220;#cfb095&#8243; icon_placement=&#8220;left&#8220; _builder_version=&#8220;4.9.2&#8243; _module_preset=&#8220;default&#8220; header_font_size=&#8220;25px&#8220; body_font_size=&#8220;15px&#8220;]<\/p>\n<p>Zimmer mit 4 Betten und einer kleinen Schlafcouch, Bettw\u00e4sche, Schrankraum, extra lange Betten (L\u00e4nge \u00fcber 2 Meter).<\/p>\n<p>[\/et_pb_blurb][\/et_pb_column][et_pb_column type=&#8220;1_3&#8243; _builder_version=&#8220;4.7.0&#8243; _module_preset=&#8220;default&#8220;][et_pb_blurb title=&#8220;Internet&#8220; use_icon=&#8220;on&#8220; font_icon=&#8220;%%190%%&#8220; icon_color=&#8220;#cfb095&#8243; icon_placement=&#8220;left&#8220; _builder_version=&#8220;4.9.2&#8243; _module_preset=&#8220;default&#8220; header_font_size=&#8220;25px&#8220; body_font_size=&#8220;15px&#8220; hover_enabled=&#8220;0&#8243; sticky_enabled=&#8220;0&#8243;]<\/p>\n<p>Kostenlose Drahtlos-Internetverbindung.<\/p>\n<p>[\/et_pb_blurb][et_pb_blurb title=&#8220;Badezimmer&#8220; use_icon=&#8220;on&#8220; font_icon=&#8220;%%190%%&#8220; icon_color=&#8220;#cfb095&#8243; icon_placement=&#8220;left&#8220; _builder_version=&#8220;4.9.2&#8243; _module_preset=&#8220;default&#8220; header_font_size=&#8220;25px&#8220; body_font_size=&#8220;15px&#8220;]<\/p>\n<p>Badezimmer mit Badewanne oder Dusche, WC, Handt\u00fccher, Toilettenpapier, Toilettenartikel, Waschmaschine und W\u00e4schest\u00e4nder.<\/p>\n<p>[\/et_pb_blurb][\/et_pb_column][et_pb_column type=&#8220;1_3&#8243; _builder_version=&#8220;4.7.0&#8243; _module_preset=&#8220;default&#8220;][et_pb_blurb title=&#8220;K\u00fcche&#8220; use_icon=&#8220;on&#8220; font_icon=&#8220;%%190%%&#8220; icon_color=&#8220;#cfb095&#8243; icon_placement=&#8220;left&#8220; _builder_version=&#8220;4.9.2&#8243; _module_preset=&#8220;default&#8220; header_font_size=&#8220;25px&#8220; body_font_size=&#8220;15px&#8220;]<\/p>\n<p>K\u00fcche mit Esstisch, Kochstelle mit Herd und Backofen, Geschirr, Wasserkocher, K\u00fchlschrank, Geschirrsp\u00fcler und Reinigungsutensilien.<\/p>\n<p>[\/et_pb_blurb][et_pb_blurb title=&#8220;Wohn- und Essbereich&#8220; use_icon=&#8220;on&#8220; font_icon=&#8220;%%190%%&#8220; icon_color=&#8220;#cfb095&#8243; icon_placement=&#8220;left&#8220; _builder_version=&#8220;4.9.2&#8243; _module_preset=&#8220;default&#8220; header_font_size=&#8220;25px&#8220; body_font_size=&#8220;15px&#8220;]<\/p>\n<p>Wohnzimmer mit Essecke, Kamin und LCD-TV.<\/p>\n<p>[\/et_pb_blurb][\/et_pb_column][\/et_pb_row][et_pb_row _builder_version=&#8220;4.7.0&#8243; _module_preset=&#8220;default&#8220; width=&#8220;85%&#8220; max_width=&#8220;2560px&#8220; custom_padding=&#8220;||0px|||&#8220;][et_pb_column type=&#8220;4_4&#8243; _builder_version=&#8220;4.7.0&#8243; _module_preset=&#8220;default&#8220;][et_pb_text _builder_version=&#8220;4.9.2&#8243; _module_preset=&#8220;default&#8220; text_font=&#8220;||||||||&#8220; text_text_color=&#8220;#6b6b6b&#8220; text_font_size=&#8220;15px&#8220; text_line_height=&#8220;1.9em&#8220; header_font=&#8220;Abhaya Libre|700|||||||&#8220; custom_padding=&#8220;||4px|||&#8220;]<\/p>\n<div class=\"wpb_text_column wpb_content_element \"><\/div>\n<div class=\"wpb_text_column wpb_content_element \">\n<div class=\"wpb_wrapper\">\n<div class=\"wpb_text_column wpb_content_element \">\n<div class=\"wpb_wrapper\">\n<div class=\"wpb_text_column wpb_content_element \">\n<div class=\"wpb_wrapper\">\n<p style=\"text-align: center;\">All rooms are heated by a central closed fireplace and air conditioned. Smoking is prohibited in all areas.<\/p>\n<\/div>\n<\/div>\n<\/div>\n<\/div>\n<\/div>\n<\/div>\n<p>[\/et_pb_text][\/et_pb_column][\/et_pb_row][\/et_pb_section][et_pb_section fb_built=&#8220;1&#8243; _builder_version=&#8220;4.7.0&#8243; _module_preset=&#8220;default&#8220; background_color=&#8220;#cfb095&#8243;][et_pb_row column_structure=&#8220;1_4,1_4,1_4,1_4&#8243; _builder_version=&#8220;4.7.0&#8243; _module_preset=&#8220;default&#8220; width=&#8220;85%&#8220; max_width=&#8220;2560px&#8220;][et_pb_column type=&#8220;1_4&#8243; _builder_version=&#8220;4.7.0&#8243; _module_preset=&#8220;default&#8220;][et_pb_text _builder_version=&#8220;4.9.2&#8243; _module_preset=&#8220;default&#8220; text_font=&#8220;||||||||&#8220; text_font_size=&#8220;15px&#8220; text_line_height=&#8220;1.9em&#8220; header_font_size=&#8220;38px&#8220; background_layout=&#8220;dark&#8220;]<\/p>\n<h1>Extras<\/h1>\n<p>Wir sind ein familienfreundlicher Urlaubsort und bieten:<\/p>\n<ul>\n<ul>\n<li>Kinder-TV-Programme<\/li>\n<li>B\u00fccher, DVD\u2019s, Musik f\u00fcr Kinder<\/li>\n<li>Brettspiele und Puzzles<\/li>\n<li>Gro\u00dfe Gr\u00fcnfl\u00e4chen f\u00fcr spontanes Spielen der Kinder und ein Baumhaus<\/li>\n<li>Babysitting (gegen Aufpreis)<\/li>\n<\/ul>\n<\/ul>\n<p>[\/et_pb_text][\/et_pb_column][et_pb_column type=&#8220;1_4&#8243; _builder_version=&#8220;4.7.0&#8243; _module_preset=&#8220;default&#8220;][et_pb_text _builder_version=&#8220;4.9.2&#8243; _module_preset=&#8220;default&#8220; text_font=&#8220;||||||||&#8220; text_font_size=&#8220;15px&#8220; text_line_height=&#8220;1.9em&#8220; header_font_size=&#8220;38px&#8220; background_layout=&#8220;dark&#8220;]<\/p>\n<h1>Aktivit\u00e4ten an der frischen Luft<\/h1>\n<ul>\n<li>Picknick-Bereich<\/li>\n<li>Gartenger\u00e4te<\/li>\n<li>Essbereich im Freien<\/li>\n<li>Terrasse<\/li>\n<li>Grillbereich<\/li>\n<li>Veranda<\/li>\n<li>Terrasse<\/li>\n<li>Garten<\/li>\n<\/ul>\n<ul><\/ul>\n<p>[\/et_pb_text][\/et_pb_column][et_pb_column type=&#8220;1_4&#8243; _builder_version=&#8220;4.7.0&#8243; _module_preset=&#8220;default&#8220;][et_pb_text _builder_version=&#8220;4.9.2&#8243; _module_preset=&#8220;default&#8220; text_font=&#8220;||||||||&#8220; text_font_size=&#8220;15px&#8220; text_line_height=&#8220;1.9em&#8220; header_font_size=&#8220;38px&#8220; background_layout=&#8220;dark&#8220;]<\/p>\n<h1>Gemeinsame Bereiche<\/h1>\n<ul>\n<li>Gro\u00dfer Hof<\/li>\n<li>Wir bieten au\u00dferdem<\/li>\n<\/ul>\n<p>[\/et_pb_text][\/et_pb_column][et_pb_column type=&#8220;1_4&#8243; _builder_version=&#8220;4.7.0&#8243; _module_preset=&#8220;default&#8220;][et_pb_text _builder_version=&#8220;4.7.0&#8243; _module_preset=&#8220;default&#8220; text_font=&#8220;||||||||&#8220; text_font_size=&#8220;15px&#8220; text_line_height=&#8220;1.9em&#8220; header_font_size=&#8220;38px&#8220; background_layout=&#8220;dark&#8220;]<\/p>\n<h1>Wir bieten au\u00dferdem<\/h1>\n<ul>\n<li>Organisierte Ausfl\u00fcge<\/li>\n<li>Rezeption rund um die Uhr<\/li>\n<li>Lebensmittellieferung (gegen Aufpreis)<\/li>\n<li>Elektrofahrradverleih (gegen Aufpreis)<\/li>\n<\/ul>\n<p>[\/et_pb_text][\/et_pb_column][\/et_pb_row][\/et_pb_section][et_pb_section fb_built=&#8220;1&#8243; _builder_version=&#8220;4.7.0&#8243; _module_preset=&#8220;default&#8220; custom_padding=&#8220;0px||0px|||&#8220;][et_pb_row column_structure=&#8220;1_4,1_4,1_4,1_4&#8243; use_custom_gutter=&#8220;on&#8220; gutter_width=&#8220;1&#8243; make_equal=&#8220;on&#8220; _builder_version=&#8220;4.9.2&#8243; _module_preset=&#8220;default&#8220; width=&#8220;100%&#8220; max_width=&#8220;2560px&#8220; custom_padding=&#8220;1px||0px|||&#8220;][et_pb_column type=&#8220;1_4&#8243; _builder_version=&#8220;4.7.0&#8243; _module_preset=&#8220;default&#8220; background_image=&#8220;https:\/\/tmbin.com\/wp-content\/uploads\/2021\/02\/Helvcek-TMBIN-notranjost1.jpg&#8220;][et_pb_text _builder_version=&#8220;4.7.0&#8243; _module_preset=&#8220;default&#8220; min_height=&#8220;450px&#8220;][\/et_pb_text][\/et_pb_column][et_pb_column type=&#8220;1_4&#8243; _builder_version=&#8220;4.9.2&#8243; _module_preset=&#8220;default&#8220; background_image=&#8220;https:\/\/tmbin.com\/wp-content\/uploads\/2021\/03\/Z6V2111-1.jpg&#8220;][et_pb_text _builder_version=&#8220;4.7.0&#8243; _module_preset=&#8220;default&#8220; min_height=&#8220;450px&#8220;][\/et_pb_text][\/et_pb_column][et_pb_column type=&#8220;1_4&#8243; _builder_version=&#8220;4.7.0&#8243; _module_preset=&#8220;default&#8220; background_image=&#8220;https:\/\/tmbin.com\/wp-content\/uploads\/2021\/02\/Helvcek-TMBIN-notranjost13.jpg&#8220; background_position=&#8220;top_center&#8220;][et_pb_text _builder_version=&#8220;4.7.0&#8243; _module_preset=&#8220;default&#8220; min_height=&#8220;450px&#8220;][\/et_pb_text][\/et_pb_column][et_pb_column type=&#8220;1_4&#8243; _builder_version=&#8220;4.9.0&#8243; _module_preset=&#8220;default&#8220; background_image=&#8220;https:\/\/tmbin.com\/wp-content\/uploads\/2021\/02\/Helvcek-TMBIN-notranjost3.jpg&#8220; background_position=&#8220;center_right&#8220;][\/et_pb_column][\/et_pb_row][\/et_pb_section]<\/p>\n","protected":false},"excerpt":{"rendered":"<p>Entfliehen Sie dem langweiligen Alltag. Wachen Sie auf und lassen Sie sich von der warmen Sonne und dem erfrischenden Karstboden begr\u00fc\u00dfen, unter dem sich Jahrhunderte alte Geschichten verbergen, geschrieben von Mutter Natur.  <\/p>\n","protected":false},"author":1,"featured_media":6489,"parent":0,"menu_order":0,"comment_status":"closed","ping_status":"closed","template":"","meta":{"_et_pb_use_builder":"on","_et_pb_old_content":"","_et_gb_content_width":"","footnotes":""},"class_list":["post-6661","page","type-page","status-publish","has-post-thumbnail","hentry"],"_links":{"self":[{"href":"https:\/\/tmbin.com\/de\/wp-json\/wp\/v2\/pages\/6661","targetHints":{"allow":["GET"]}}],"collection":[{"href":"https:\/\/tmbin.com\/de\/wp-json\/wp\/v2\/pages"}],"about":[{"href":"https:\/\/tmbin.com\/de\/wp-json\/wp\/v2\/types\/page"}],"author":[{"embeddable":true,"href":"https:\/\/tmbin.com\/de\/wp-json\/wp\/v2\/users\/1"}],"replies":[{"embeddable":true,"href":"https:\/\/tmbin.com\/de\/wp-json\/wp\/v2\/comments?post=6661"}],"version-history":[{"count":5,"href":"https:\/\/tmbin.com\/de\/wp-json\/wp\/v2\/pages\/6661\/revisions"}],"predecessor-version":[{"id":6668,"href":"https:\/\/tmbin.com\/de\/wp-json\/wp\/v2\/pages\/6661\/revisions\/6668"}],"wp:featuredmedia":[{"embeddable":true,"href":"https:\/\/tmbin.com\/de\/wp-json\/wp\/v2\/media\/6489"}],"wp:attachment":[{"href":"https:\/\/tmbin.com\/de\/wp-json\/wp\/v2\/media?parent=6661"}],"curies":[{"name":"wp","href":"https:\/\/api.w.org\/{rel}","templated":true}]}}