{"id":6654,"date":"2021-04-29T22:16:51","date_gmt":"2021-04-29T20:16:51","guid":{"rendered":"https:\/\/tmbin.com\/?page_id=6654"},"modified":"2022-06-10T11:35:25","modified_gmt":"2022-06-10T09:35:25","slug":"uber-uns","status":"publish","type":"page","link":"https:\/\/tmbin.com\/de\/uber-uns\/","title":{"rendered":"\u00fcber uns"},"content":{"rendered":"<p>[et_pb_section fb_built=&#8220;1&#8243; _builder_version=&#8220;4.16&#8243; _module_preset=&#8220;default&#8220; background_color=&#8220;rgba(0,0,0,0.47)&#8220; background_image=&#8220;https:\/\/tmbin.com\/wp-content\/uploads\/2021\/02\/Z6V3623.jpg&#8220; background_position=&#8220;bottom_center&#8220; background_enable_video_webm=&#8220;off&#8220; min_height=&#8220;700px&#8220; custom_padding=&#8220;||57px|||&#8220; global_colors_info=&#8220;{}&#8220;][et_pb_row column_structure=&#8220;1_3,1_3,1_3&#8243; _builder_version=&#8220;4.16&#8243; _module_preset=&#8220;default&#8220; custom_margin=&#8220;249px|auto||auto||&#8220; global_colors_info=&#8220;{}&#8220;][et_pb_column type=&#8220;1_3&#8243; _builder_version=&#8220;4.16&#8243; _module_preset=&#8220;default&#8220; global_colors_info=&#8220;{}&#8220;][et_pb_text module_class=&#8220;highlightme&#8220; _builder_version=&#8220;4.16&#8243; _module_preset=&#8220;default&#8220; text_text_color=&#8220;#383838&#8243; header_text_color=&#8220;#FFFFFF&#8220; header_font_size=&#8220;62px&#8220; custom_padding=&#8220;10px||||false|true&#8220; global_colors_info=&#8220;{}&#8220;]<\/p>\n<h1>\u00a0\u00fcber uns<\/h1>\n<p>[\/et_pb_text][\/et_pb_column][et_pb_column type=&#8220;1_3&#8243; _builder_version=&#8220;4.16&#8243; _module_preset=&#8220;default&#8220; global_colors_info=&#8220;{}&#8220;][\/et_pb_column][et_pb_column type=&#8220;1_3&#8243; _builder_version=&#8220;4.16&#8243; _module_preset=&#8220;default&#8220; global_colors_info=&#8220;{}&#8220;][\/et_pb_column][\/et_pb_row][\/et_pb_section][et_pb_section fb_built=&#8220;1&#8243; _builder_version=&#8220;4.16&#8243; _module_preset=&#8220;default&#8220; background_enable_color=&#8220;off&#8220; custom_padding=&#8220;||0px|||&#8220; global_colors_info=&#8220;{}&#8220;][et_pb_row column_structure=&#8220;2_5,3_5&#8243; _builder_version=&#8220;4.16&#8243; _module_preset=&#8220;default&#8220; custom_padding=&#8220;4px|||||&#8220; global_colors_info=&#8220;{}&#8220;][et_pb_column type=&#8220;2_5&#8243; _builder_version=&#8220;4.16&#8243; _module_preset=&#8220;default&#8220; global_colors_info=&#8220;{}&#8220;][et_pb_text _builder_version=&#8220;4.16&#8243; _module_preset=&#8220;default&#8220; header_text_color=&#8220;#cfb095&#8243; header_font_size=&#8220;42px&#8220; hover_enabled=&#8220;0&#8243; global_colors_info=&#8220;{}&#8220; sticky_enabled=&#8220;0&#8243;]<\/p>\n<h1>Nehmen Sie sich Zeit f\u00fcr das, was wirklich z\u00e4hlt. Natur. Erfahrungen. Familie.<\/h1>\n<p>[\/et_pb_text][et_pb_image src=&#8220;https:\/\/tmbin.com\/wp-content\/uploads\/2022\/06\/Green-Key-logo-with-text-small.jpg&#8220; _builder_version=&#8220;4.17.4&#8243; _module_preset=&#8220;default&#8220; title_text=&#8220;Green Key logo with text small&#8220; url=&#8220;https:\/\/www.zelenikljuc.si\/&#8220; url_new_window=&#8220;on&#8220; width=&#8220;100px&#8220; hover_enabled=&#8220;0&#8243; sticky_enabled=&#8220;0&#8243; locked=&#8220;off&#8220;][\/et_pb_image][\/et_pb_column][et_pb_column type=&#8220;3_5&#8243; _builder_version=&#8220;4.16&#8243; _module_preset=&#8220;default&#8220; global_colors_info=&#8220;{}&#8220;][et_pb_text _builder_version=&#8220;4.16&#8243; _module_preset=&#8220;default&#8220; text_font=&#8220;||||||||&#8220; text_text_color=&#8220;#3a3a3a&#8220; text_font_size=&#8220;18px&#8220; text_line_height=&#8220;1.9em&#8220; header_font=&#8220;Abhaya Libre|700|||||||&#8220; global_colors_info=&#8220;{}&#8220;]<\/p>\n<div class=\"wpb_text_column wpb_content_element \"><\/div>\n<div class=\"wpb_text_column wpb_content_element \">\n<div class=\"wpb_wrapper\">\n<div class=\"wpb_text_column wpb_content_element \">\n<div class=\"wpb_wrapper\">\n<div class=\"wpb_text_column wpb_content_element \">\n<div class=\"wpb_wrapper\">\n<p>Taja und Miha. Englisch-, Italienisch- und Yogalehrerin, und Weltmeister im Marathon-Doppelreiten mit Lipizzanern. Eltern von drei Kindern \u2013 \u017diga, Jaka und Sara. Gemeinsam schreiben sie die Geschichte von Tmbins Scheune \u2013 einem H\u00e4usschen im Karststil, umgeben vom Wald auf der einen und einem Lavendelfeld auf der anderen Seite, an einem Ort, der einst einer Scheune geh\u00f6rte. Sie nennen das Ferienh\u00e4uschen, in dem Sie mit Ihrer Familie den wunderbarsten Karsturlaub erleben k\u00f6nnen, \u201eScheune\u201c.<\/p>\n<p>Bei der Ankunft sto\u00dfen Sie gemeinsam mit hausgemachtem Terrano an. Miha l\u00e4dt Sie zu einer Kutschenfahrt durch die Gegend ein und \u017diga zeigt Ihnen einen Pferdestall mit Lipizzanern. Jaka und Sara satteln schnell ein Pony f\u00fcr Ihre Kinder. Taja bietet Ihnen t\u00e4glich die M\u00f6glichkeit, sich bei ihrem morgendlichen Yoga zu entspannen. Tmbins Scheune bietet die perfekte Urlaubsoase f\u00fcr Familien und alle, die dem Alltagsstress entfliehen und sich in der Umarmung der Natur wieder lebendig f\u00fchlen wollen. Hier und jetzt.<\/p>\n<\/div>\n<\/div>\n<\/div>\n<\/div>\n<\/div>\n<\/div>\n<p>[\/et_pb_text][\/et_pb_column][\/et_pb_row][et_pb_row column_structure=&#8220;1_3,1_3,1_3&#8243; use_custom_gutter=&#8220;on&#8220; gutter_width=&#8220;1&#8243; _builder_version=&#8220;4.16&#8243; width=&#8220;100%&#8220; max_width=&#8220;100%&#8220; custom_padding=&#8220;||1px|||&#8220; global_colors_info=&#8220;{}&#8220;][et_pb_column type=&#8220;1_3&#8243; _builder_version=&#8220;4.16&#8243; background_image=&#8220;https:\/\/tmbin.com\/wp-content\/uploads\/2021\/02\/Z6V3569-1.jpg&#8220; global_colors_info=&#8220;{}&#8220;][et_pb_text _builder_version=&#8220;4.16&#8243; global_colors_info=&#8220;{}&#8220;]&nbsp;<\/p>\n<p>&nbsp;<\/p>\n<p>&nbsp;<\/p>\n<p>&nbsp;<\/p>\n<p>&nbsp;<\/p>\n<p>&nbsp;<\/p>\n<p>&nbsp;<\/p>\n<p>&nbsp;[\/et_pb_text][\/et_pb_column][et_pb_column type=&#8220;1_3&#8243; _builder_version=&#8220;4.16&#8243; background_image=&#8220;https:\/\/tmbin.com\/wp-content\/uploads\/2021\/02\/Z6V2775.jpg&#8220; global_colors_info=&#8220;{}&#8220;][et_pb_text _builder_version=&#8220;4.16&#8243; global_colors_info=&#8220;{}&#8220;]&nbsp;<\/p>\n<p>&nbsp;<\/p>\n<p>&nbsp;<\/p>\n<p>&nbsp;<\/p>\n<p>&nbsp;<\/p>\n<p>&nbsp;<\/p>\n<p>&nbsp;<\/p>\n<p>&nbsp;[\/et_pb_text][\/et_pb_column][et_pb_column type=&#8220;1_3&#8243; _builder_version=&#8220;4.16&#8243; background_image=&#8220;https:\/\/tmbin.com\/wp-content\/uploads\/2021\/02\/Z6V2560.jpg&#8220; global_colors_info=&#8220;{}&#8220;][et_pb_text _builder_version=&#8220;4.16&#8243; global_colors_info=&#8220;{}&#8220;]&nbsp;<\/p>\n<p>&nbsp;<\/p>\n<p>&nbsp;<\/p>\n<p>&nbsp;<\/p>\n<p>&nbsp;<\/p>\n<p>&nbsp;<\/p>\n<p>&nbsp;<\/p>\n<p>&nbsp;[\/et_pb_text][\/et_pb_column][\/et_pb_row][\/et_pb_section]<\/p>\n","protected":false},"excerpt":{"rendered":"<p>Taja und Miha. Sie ist Lehrerin f\u00fcr Italienisch und Englisch an der Grundschule sowie Yogalehrerin. Er ist Leiter des \u00f6rtlichen Steinmetzbetriebs und Weltmeister im Marathon-Doppelreiten mit Lipizzanern. Sie sind Eltern von drei Kindern. <\/p>\n","protected":false},"author":1,"featured_media":6479,"parent":0,"menu_order":0,"comment_status":"closed","ping_status":"closed","template":"","meta":{"_et_pb_use_builder":"on","_et_pb_old_content":"","_et_gb_content_width":"","footnotes":""},"class_list":["post-6654","page","type-page","status-publish","has-post-thumbnail","hentry"],"_links":{"self":[{"href":"https:\/\/tmbin.com\/de\/wp-json\/wp\/v2\/pages\/6654","targetHints":{"allow":["GET"]}}],"collection":[{"href":"https:\/\/tmbin.com\/de\/wp-json\/wp\/v2\/pages"}],"about":[{"href":"https:\/\/tmbin.com\/de\/wp-json\/wp\/v2\/types\/page"}],"author":[{"embeddable":true,"href":"https:\/\/tmbin.com\/de\/wp-json\/wp\/v2\/users\/1"}],"replies":[{"embeddable":true,"href":"https:\/\/tmbin.com\/de\/wp-json\/wp\/v2\/comments?post=6654"}],"version-history":[{"count":5,"href":"https:\/\/tmbin.com\/de\/wp-json\/wp\/v2\/pages\/6654\/revisions"}],"predecessor-version":[{"id":6739,"href":"https:\/\/tmbin.com\/de\/wp-json\/wp\/v2\/pages\/6654\/revisions\/6739"}],"wp:featuredmedia":[{"embeddable":true,"href":"https:\/\/tmbin.com\/de\/wp-json\/wp\/v2\/media\/6479"}],"wp:attachment":[{"href":"https:\/\/tmbin.com\/de\/wp-json\/wp\/v2\/media?parent=6654"}],"curies":[{"name":"wp","href":"https:\/\/api.w.org\/{rel}","templated":true}]}}