{"id":6639,"date":"2021-04-29T21:51:25","date_gmt":"2021-04-29T19:51:25","guid":{"rendered":"https:\/\/tmbin.com\/?page_id=6639"},"modified":"2023-07-27T16:24:33","modified_gmt":"2023-07-27T14:24:33","slug":"erfahrungen","status":"publish","type":"page","link":"https:\/\/tmbin.com\/de\/erfahrungen\/","title":{"rendered":"Erfahrungen"},"content":{"rendered":"<p>[et_pb_section fb_built=&#8220;1&#8243; _builder_version=&#8220;4.16&#8243; _module_preset=&#8220;default&#8220; background_color=&#8220;rgba(0,0,0,0.47)&#8220; background_image=&#8220;https:\/\/tmbin.com\/wp-content\/uploads\/2021\/02\/Z6V2613-2.jpg&#8220; parallax=&#8220;on&#8220; parallax_method=&#8220;off&#8220; background_enable_video_webm=&#8220;off&#8220; min_height=&#8220;700px&#8220; custom_padding=&#8220;||57px|||&#8220; global_colors_info=&#8220;{}&#8220;][et_pb_row _builder_version=&#8220;4.16&#8243; _module_preset=&#8220;default&#8220; global_colors_info=&#8220;{}&#8220;][et_pb_column type=&#8220;4_4&#8243; _builder_version=&#8220;4.16&#8243; _module_preset=&#8220;default&#8220; global_colors_info=&#8220;{}&#8220;][et_pb_text _builder_version=&#8220;4.16&#8243; _module_preset=&#8220;default&#8220; header_font_size=&#8220;62px&#8220; background_layout=&#8220;dark&#8220; custom_padding=&#8220;||||false|true&#8220; global_colors_info=&#8220;{}&#8220;]<\/p>\n<h1><span style=\"background-color: #cfb095;\">\u00a0Erfahrungen\u00a0<\/span><\/h1>\n<p>[\/et_pb_text][\/et_pb_column][\/et_pb_row][\/et_pb_section][et_pb_section fb_built=&#8220;1&#8243; _builder_version=&#8220;4.16&#8243; _module_preset=&#8220;default&#8220; background_enable_color=&#8220;off&#8220; custom_padding=&#8220;||0px|||&#8220; global_colors_info=&#8220;{}&#8220;][et_pb_row _builder_version=&#8220;4.16&#8243; _module_preset=&#8220;default&#8220; custom_padding=&#8220;4px|||||&#8220; global_colors_info=&#8220;{}&#8220;][et_pb_column type=&#8220;4_4&#8243; _builder_version=&#8220;4.16&#8243; _module_preset=&#8220;default&#8220; global_colors_info=&#8220;{}&#8220;][et_pb_text _builder_version=&#8220;4.16&#8243; _module_preset=&#8220;default&#8220; header_text_color=&#8220;#cfb095&#8243; header_font_size=&#8220;42px&#8220; global_colors_info=&#8220;{}&#8220;]<\/p>\n<h1>GENIESSEN SIE EINE ERF\u00dcLLTE UND HEILSAME VERBINDUNG MIT PFERDEN UND DER KARSTNATUR. ERLEBEN SIE DEN AUTHENTISCHEN KARST.<\/h1>\n<p>[\/et_pb_text][\/et_pb_column][\/et_pb_row][\/et_pb_section][et_pb_section fb_built=&#8220;1&#8243; _builder_version=&#8220;4.16&#8243; _module_preset=&#8220;default&#8220; background_color=&#8220;#ededed&#8220; custom_margin=&#8220;0px||0px||false|false&#8220; custom_padding=&#8220;0px||0px|||&#8220; global_colors_info=&#8220;{}&#8220;][et_pb_row column_structure=&#8220;3_5,2_5&#8243; use_custom_gutter=&#8220;on&#8220; gutter_width=&#8220;1&#8243; make_equal=&#8220;on&#8220; _builder_version=&#8220;4.16&#8243; _module_preset=&#8220;default&#8220; background_color=&#8220;#cfb095&#8243; width=&#8220;100%&#8220; max_width=&#8220;2560px&#8220; custom_margin=&#8220;0px|auto||auto|false|false&#8220; custom_padding=&#8220;0px||0px|||&#8220; global_colors_info=&#8220;{}&#8220;][et_pb_column type=&#8220;3_5&#8243; _builder_version=&#8220;4.16&#8243; _module_preset=&#8220;default&#8220; background_image=&#8220;https:\/\/tmbin.com\/wp-content\/uploads\/2021\/02\/Z6V3814.jpg&#8220; background_enable_video_webm=&#8220;off&#8220; global_colors_info=&#8220;{}&#8220;][et_pb_text _builder_version=&#8220;4.16&#8243; _module_preset=&#8220;default&#8220; min_height=&#8220;451px&#8220; global_colors_info=&#8220;{}&#8220;][\/et_pb_text][\/et_pb_column][et_pb_column type=&#8220;2_5&#8243; _builder_version=&#8220;4.16&#8243; _module_preset=&#8220;default&#8220; background_color=&#8220;#cfb095&#8243; custom_padding=&#8220;80px|5%|80px|5%|true|true&#8220; global_colors_info=&#8220;{}&#8220;][et_pb_text module_id=&#8220;a&#8220; _builder_version=&#8220;4.16&#8243; _module_preset=&#8220;default&#8220; header_font_size=&#8220;40px&#8220; background_layout=&#8220;dark&#8220; custom_padding=&#8220;4px|||||&#8220; global_colors_info=&#8220;{}&#8220;]<\/p>\n<h1>Reitsport<\/h1>\n<p>[\/et_pb_text][et_pb_text _builder_version=&#8220;4.21.0&#8243; _module_preset=&#8220;default&#8220; text_font=&#8220;||||||||&#8220; text_font_size=&#8220;18px&#8220; text_line_height=&#8220;1.9em&#8220; header_font=&#8220;Abhaya Libre|700|||||||&#8220; header_3_font_size=&#8220;29px&#8220; text_orientation=&#8220;center&#8220; background_layout=&#8220;dark&#8220; custom_margin=&#8220;0px||0px||false|false&#8220; custom_padding=&#8220;||||true|true&#8220; hover_enabled=&#8220;0&#8243; global_colors_info=&#8220;{}&#8220; sticky_enabled=&#8220;0&#8243;]<\/p>\n<p style=\"text-align: left;\">Wagen Sie sich in die Welt des Reitsports und lernen Sie die 400-j\u00e4hrige Tradition der slowenischen Lipizzaner kennen. Der Weltmeister im Doppelreiten weiht Sie in alle Geheimnisse der Pferdezucht ein und wird Sie f\u00fcr diese sch\u00f6nen Gesch\u00f6pfe begeistert, die vor drei Generationen zur Familie gesto\u00dfen sind. Kutschfahrten, Reitunterricht, Pferdetraining und Ponyreiten f\u00fcr die J\u00fcngsten. Schauen Sie dem Pferd in die Augen und lassen Sie sich von ihm durch die sch\u00f6nsten Pl\u00e4tze des sagenhaften Karsts f\u00fchren.<\/p>\n<h3 style=\"text-align: left;\"><strong>Erleben Sie:<\/strong><\/h3>\n<ul>\n<li style=\"text-align: left;\"><span style=\"font-size: 18px;\">Pferdestall und Lipizzaner-Besuch<\/span><\/li>\n<li style=\"text-align: left;\"><span style=\"font-size: 18px;\">Kutschfahrten<\/span><\/li>\n<li style=\"text-align: left;\">Reiten<\/li>\n<li style=\"text-align: left;\">Pferdeausbildung<\/li>\n<li style=\"text-align: left;\">Pferdeverk\u00e4ufe<\/li>\n<li style=\"text-align: left;\">Unterbringung von Gastpferden im Stall<\/li>\n<\/ul>\n<p>&nbsp;<\/p>\n<h6 style=\"text-align: left;\">*Das Erlebnis steht nur G\u00e4sten von Tmbins Barn<\/h6>\n<p>[\/et_pb_text][\/et_pb_column][\/et_pb_row][et_pb_row column_structure=&#8220;2_5,3_5&#8243; use_custom_gutter=&#8220;on&#8220; gutter_width=&#8220;1&#8243; make_equal=&#8220;on&#8220; module_id=&#8220;yoga&#8220; _builder_version=&#8220;4.16&#8243; _module_preset=&#8220;default&#8220; background_color=&#8220;#cfb095&#8243; width=&#8220;100%&#8220; max_width=&#8220;2560px&#8220; custom_margin=&#8220;0px|auto||auto|false|false&#8220; custom_padding=&#8220;0px||0px|||&#8220; global_colors_info=&#8220;{}&#8220;][et_pb_column type=&#8220;2_5&#8243; _builder_version=&#8220;4.16&#8243; _module_preset=&#8220;default&#8220; background_color=&#8220;#212121&#8243; custom_padding=&#8220;80px|5%|80px|5%|true|true&#8220; global_colors_info=&#8220;{}&#8220;][et_pb_text module_id=&#8220;yoga&#8220; _builder_version=&#8220;4.16&#8243; _module_preset=&#8220;default&#8220; header_font_size=&#8220;40px&#8220; background_layout=&#8220;dark&#8220; custom_padding=&#8220;30px|||||&#8220; global_colors_info=&#8220;{}&#8220;]<\/p>\n<h1>Yoga<\/h1>\n<p>[\/et_pb_text][et_pb_text _builder_version=&#8220;4.16&#8243; _module_preset=&#8220;default&#8220; text_font=&#8220;||||||||&#8220; text_font_size=&#8220;18px&#8220; text_line_height=&#8220;1.9em&#8220; header_font=&#8220;Abhaya Libre|700|||||||&#8220; header_3_font_size=&#8220;29px&#8220; text_orientation=&#8220;center&#8220; background_layout=&#8220;dark&#8220; custom_margin=&#8220;0px||0px||false|false&#8220; custom_padding=&#8220;||||true|true&#8220; global_colors_info=&#8220;{}&#8220;]<\/p>\n<p style=\"text-align: left;\">Nehmen Sie sich ein wenig kostbare Zeit f\u00fcr sich selbst und begeben Sie sich auf eine wunderbare Reise der Selbstf\u00fcrsorge und Entdeckung. Atmen Sie tief ein und genie\u00dfen Sie die \u00e4ltesten Erkenntnisse der Welt \u00fcber das Gleichgewicht von K\u00f6rper, Geist und Seele. Gehen Sie mit Yoga auf eine Reise durch die unber\u00fchrte Karstwelt, in der sich unter der Oberfl\u00e4che Jahrhunderte alte Geschichten \u00fcber die Kraft der Natur verbergen, mit deren Hilfe Sie Ihre unentdeckten Winkel entdecken werden. Lassen Sie sich verw\u00f6hnen und gewinnen Sie Ihre innere Ruhe und Freude zur\u00fcck.<\/p>\n<p style=\"text-align: left;\">\n<h3 style=\"text-align: left;\">Erfahrung:<\/h3>\n<ul>\n<li style=\"text-align: left;\">Individuelle Yoga-Praxis<\/li>\n<li style=\"text-align: left;\"><span style=\"font-size: 18px;\">Yoga f\u00fcr Kinder<\/span><\/li>\n<li style=\"text-align: left;\"><span style=\"font-size: 18px;\">Yoga f\u00fcr Teenager<\/span><\/li>\n<li style=\"text-align: left;\"><span style=\"font-size: 18px;\">Paar-Yoga<\/span><\/li>\n<li style=\"text-align: left;\"><span style=\"font-size: 18px;\">Familien-Yoga<\/span><\/li>\n<li style=\"text-align: left;\"><span style=\"font-size: 18px;\">Yoga-Workshop f\u00fcr kleine Gruppen (bis zu 8 Personen)<\/span><\/li>\n<li style=\"text-align: left;\">Yoga-Workshops f\u00fcr Lehrer (Achtsamkeit in der Schule, Englisch lernen mit Yoga)<\/li>\n<\/ul>\n<p>[\/et_pb_text][\/et_pb_column][et_pb_column type=&#8220;3_5&#8243; _builder_version=&#8220;4.16&#8243; _module_preset=&#8220;default&#8220; background_image=&#8220;https:\/\/tmbin.com\/wp-content\/uploads\/2021\/02\/HIS\u030cAKRASNA312.jpg&#8220; background_enable_video_webm=&#8220;off&#8220; global_colors_info=&#8220;{}&#8220;][et_pb_text _builder_version=&#8220;4.16&#8243; _module_preset=&#8220;default&#8220; min_height=&#8220;451px&#8220; global_colors_info=&#8220;{}&#8220;][\/et_pb_text][\/et_pb_column][\/et_pb_row][\/et_pb_section][et_pb_section fb_built=&#8220;1&#8243; _builder_version=&#8220;4.16&#8243; _module_preset=&#8220;default&#8220; background_color=&#8220;#ededed&#8220; custom_margin=&#8220;0px||0px||false|false&#8220; custom_padding=&#8220;0px||0px|||&#8220; global_colors_info=&#8220;{}&#8220;][et_pb_row column_structure=&#8220;3_5,2_5&#8243; use_custom_gutter=&#8220;on&#8220; gutter_width=&#8220;1&#8243; make_equal=&#8220;on&#8220; _builder_version=&#8220;4.16&#8243; _module_preset=&#8220;default&#8220; background_color=&#8220;#cfb095&#8243; width=&#8220;100%&#8220; max_width=&#8220;2560px&#8220; custom_margin=&#8220;0px|auto||auto|false|false&#8220; custom_padding=&#8220;0px||0px|||&#8220; global_colors_info=&#8220;{}&#8220;][et_pb_column type=&#8220;3_5&#8243; _builder_version=&#8220;4.16&#8243; _module_preset=&#8220;default&#8220; background_image=&#8220;https:\/\/tmbin.com\/wp-content\/uploads\/2021\/02\/HIS\u030cAKRASNA220.jpg&#8220; background_enable_video_webm=&#8220;off&#8220; global_colors_info=&#8220;{}&#8220;][et_pb_text _builder_version=&#8220;4.16&#8243; _module_preset=&#8220;default&#8220; min_height=&#8220;451px&#8220; global_colors_info=&#8220;{}&#8220;][\/et_pb_text][\/et_pb_column][et_pb_column type=&#8220;2_5&#8243; _builder_version=&#8220;4.16&#8243; _module_preset=&#8220;default&#8220; background_color=&#8220;#cfb095&#8243; custom_padding=&#8220;80px|5%|80px|5%|true|true&#8220; global_colors_info=&#8220;{}&#8220;][et_pb_text _builder_version=&#8220;4.16&#8243; _module_preset=&#8220;default&#8220; header_font_size=&#8220;40px&#8220; background_layout=&#8220;dark&#8220; custom_padding=&#8220;4px|||||&#8220; global_colors_info=&#8220;{}&#8220;]<\/p>\n<h1>Events<\/h1>\n<p>[\/et_pb_text][et_pb_text _builder_version=&#8220;4.16&#8243; _module_preset=&#8220;default&#8220; text_font=&#8220;||||||||&#8220; text_font_size=&#8220;18px&#8220; text_line_height=&#8220;1.9em&#8220; header_font=&#8220;Abhaya Libre|700|||||||&#8220; header_3_font_size=&#8220;29px&#8220; text_orientation=&#8220;center&#8220; background_layout=&#8220;dark&#8220; custom_margin=&#8220;0px||0px||false|false&#8220; custom_padding=&#8220;||||true|true&#8220; global_colors_info=&#8220;{}&#8220;]<\/p>\n<p style=\"text-align: left;\">Tmbins Scheune bietet auch einen kleinen Tagungsraum mit einer Kapazit\u00e4t von bis zu acht Personen, in dem wir unvergessliche Events in eigener Organisation anbieten, die Ihnen noch lange in Erinnerung bleiben werden. K\u00f6nnen Sie sich vorstellen, mit Blick auf Lavendelplantagen und einer Kaffeepause in einem bl\u00fchenden Hortensiengarten in Gesellschaft von Lipizzanern Ihr Wissen zu erweitern?<\/p>\n<h3 style=\"text-align: left;\"><\/h3>\n<h3 style=\"text-align: left;\"><\/h3>\n<p>[\/et_pb_text][et_pb_button button_text=&#8220;AKTUELL&#8220; _builder_version=&#8220;4.21.0&#8243; _module_preset=&#8220;default&#8220; custom_button=&#8220;on&#8220; button_text_color=&#8220;#FFFFFF&#8220; button_bg_color=&#8220;#000000&#8243; button_use_icon=&#8220;off&#8220; hover_enabled=&#8220;0&#8243; global_colors_info=&#8220;{}&#8220; sticky_enabled=&#8220;0&#8243;][\/et_pb_button][et_pb_button button_url=&#8220;https:\/\/tmbin.com\/de\/GRUPPEN&#8220; button_text=&#8220;GRUPPEN- UND FAMILIENERLEBNISSE&#8220; _builder_version=&#8220;4.16&#8243; _module_preset=&#8220;default&#8220; custom_button=&#8220;on&#8220; button_text_color=&#8220;#FFFFFF&#8220; button_bg_color=&#8220;#000000&#8243; button_use_icon=&#8220;off&#8220; global_colors_info=&#8220;{}&#8220;][\/et_pb_button][\/et_pb_column][\/et_pb_row][et_pb_row column_structure=&#8220;1_2,1_2&#8243; use_custom_gutter=&#8220;on&#8220; gutter_width=&#8220;1&#8243; make_equal=&#8220;on&#8220; _builder_version=&#8220;4.16&#8243; _module_preset=&#8220;default&#8220; background_color=&#8220;#cfb095&#8243; width=&#8220;100%&#8220; max_width=&#8220;2560px&#8220; custom_margin=&#8220;0px|auto||auto|false|false&#8220; custom_padding=&#8220;0px||0px|||&#8220; global_colors_info=&#8220;{}&#8220;][et_pb_column type=&#8220;1_2&#8243; _builder_version=&#8220;4.16&#8243; _module_preset=&#8220;default&#8220; background_color=&#8220;#212121&#8243; custom_padding=&#8220;80px|5%||5%|false|true&#8220; global_colors_info=&#8220;{}&#8220;][et_pb_text _builder_version=&#8220;4.16&#8243; _module_preset=&#8220;default&#8220; header_font_size=&#8220;60px&#8220; background_layout=&#8220;dark&#8220; custom_padding=&#8220;30px||35px|||&#8220; global_colors_info=&#8220;{}&#8220;]<\/p>\n<h1>Erlebnisse in der N\u00e4he<\/h1>\n<p>[\/et_pb_text][\/et_pb_column][et_pb_column type=&#8220;1_2&#8243; _builder_version=&#8220;4.16&#8243; _module_preset=&#8220;default&#8220; background_color=&#8220;#212121&#8243; background_enable_image=&#8220;off&#8220; background_enable_video_webm=&#8220;off&#8220; custom_padding=&#8220;80px|5%|80px|5%|false|true&#8220; global_colors_info=&#8220;{}&#8220;][\/et_pb_column][\/et_pb_row][et_pb_row column_structure=&#8220;1_3,1_3,1_3&#8243; use_custom_gutter=&#8220;on&#8220; gutter_width=&#8220;1&#8243; make_equal=&#8220;on&#8220; _builder_version=&#8220;4.16&#8243; _module_preset=&#8220;default&#8220; background_color=&#8220;#cfb095&#8243; width=&#8220;100%&#8220; max_width=&#8220;2560px&#8220; custom_margin=&#8220;0px|auto||auto|false|false&#8220; custom_padding=&#8220;0px||0px|||&#8220; global_colors_info=&#8220;{}&#8220;][et_pb_column type=&#8220;1_3&#8243; _builder_version=&#8220;4.16&#8243; _module_preset=&#8220;default&#8220; background_color=&#8220;#212121&#8243; custom_padding=&#8220;|5%||5%|true|true&#8220; global_colors_info=&#8220;{}&#8220;][et_pb_text _builder_version=&#8220;4.16&#8243; _module_preset=&#8220;default&#8220; text_font=&#8220;||||||||&#8220; text_font_size=&#8220;18px&#8220; text_line_height=&#8220;1.9em&#8220; header_font=&#8220;Abhaya Libre|700|||||||&#8220; header_3_font_size=&#8220;29px&#8220; text_orientation=&#8220;center&#8220; background_layout=&#8220;dark&#8220; custom_margin=&#8220;0px||0px||false|false&#8220; custom_padding=&#8220;||||true|true&#8220; global_colors_info=&#8220;{}&#8220;]<\/p>\n<h3 style=\"text-align: left;\">Koko\u0161 674 m<\/h3>\n<p style=\"text-align: left;\">Ein beliebtes Ausflugsziel, das aufgrund des einfachen Aufstiegs auch f\u00fcr j\u00fcngere Kinder geeignet ist. Oben finden Sie eine H\u00fctte mit Erfrischungen und einen wundersch\u00f6nen Blick in das Tal.<\/p>\n<h3 style=\"text-align: left;\">Vrem\u0161\u010dica 1027 m<\/h3>\n<p style=\"text-align: left;\">Das Plateau befindet sich zwischen Pivka und Diva\u010da und ist bekannt f\u00fcr seine Kirche auf der Spitze des H\u00fcgels. Dieser Ort gilt unter Bergsteigern als etwas Besonderes \u2013 hier ist eine Brotzeit n\u00f6tig, da es oben keine H\u00fctte gibt. Die Aussicht auf Socerb und Nanos ist jedoch mehr als einen Besuch wert.<\/p>\n<h3 style=\"text-align: left;\">Stari Tabor 603 m<\/h3>\n<p style=\"text-align: left;\">Dieser Gipfel ist s\u00fcdlich des Dorfes Povir gelegen und bietet einen fantastischen Blick von der Adria bis zu den Alpen. Der Weg f\u00fchrt an unserem Stall vorbei und der einfache Aufstieg ist auch f\u00fcr die j\u00fcngsten Familienmitglieder geeignet.<\/p>\n<h3 style=\"text-align: left;\">Tennisplatz se\u017eana<\/h3>\n<p style=\"text-align: left;\">Vier Kilometer von Tmbins Scheune entfernt befindet sich der Tennisplatz Se\u017eana, wo Sie sich an einem Tennismatch probieren k\u00f6nnen.<\/p>\n<p style=\"text-align: left;\">\n<p>[\/et_pb_text][\/et_pb_column][et_pb_column type=&#8220;1_3&#8243; _builder_version=&#8220;4.16&#8243; _module_preset=&#8220;default&#8220; background_color=&#8220;#212121&#8243; background_enable_image=&#8220;off&#8220; background_enable_video_webm=&#8220;off&#8220; custom_padding=&#8220;|5%||5%|false|true&#8220; global_colors_info=&#8220;{}&#8220;][et_pb_text _builder_version=&#8220;4.16&#8243; _module_preset=&#8220;default&#8220; text_font=&#8220;||||||||&#8220; text_font_size=&#8220;18px&#8220; text_line_height=&#8220;1.9em&#8220; header_font=&#8220;Abhaya Libre|700|||||||&#8220; header_3_font_size=&#8220;29px&#8220; text_orientation=&#8220;center&#8220; background_layout=&#8220;dark&#8220; custom_margin=&#8220;0px||0px||false|false&#8220; custom_padding=&#8220;||||true|true&#8220; global_colors_info=&#8220;{}&#8220;]<\/p>\n<h3 style=\"text-align: left;\">\u0160kocjan-H\u00f6hlen<\/h3>\n<p style=\"text-align: left;\">Das einzige slowenische Denkmal auf der Weltkulturerbeliste der UNESCO und das bedeutendste unterirdische Naturph\u00e4nomen im Karst. Entscheiden Sie sich zwischen drei Touren, begeben Sie sich in die Schlucht, in welcher der Fluss Reka unterirdisch verschwindet, und erkunden Sie all die geheimnisvollen H\u00f6hleneing\u00e4nge, lernen Sie Tiere und das einzigartige geomorphologische und mikroklimatische \u00d6kosystem kennen.<\/p>\n<h3 style=\"text-align: left;\">Gest\u00fct Lipica<\/h3>\n<p style=\"text-align: left;\">Eines der wichtigsten kulturhistorischen Denkm\u00e4ler Sloweniens und das \u00e4lteste Gest\u00fct der Welt, erbaut 1580. Die Wiege der slowenischen autochthonen Pferderasse \u2013 Lipizzaner, die seit 400 Jahren Pferdeliebhaber in aller Welt begeistern. Genie\u00dfen Sie die nat\u00fcrliche Sch\u00f6nheit des Anwesens, wo Lipizzaner frei auf den Wiesen grasen, besichtigen Sie die zahlreichen St\u00e4lle und besuchen Sie das Lipikum Museum.<\/p>\n<h3 style=\"text-align: left;\">Golf Club Lipica<\/h3>\n<p style=\"text-align: left;\">Golfliebhaber k\u00f6nnen ihre Leidenschaft auf dem Top-Golfplatz in Lipica ausleben, dem einzigen Platz in Slowenien, der das ganze Jahr \u00fcber zum Spiel auf seinen gr\u00fcnen Platz einl\u00e4dt.<\/p>\n<p style=\"text-align: left;\">[\/et_pb_text][\/et_pb_column][et_pb_column type=&#8220;1_3&#8243; _builder_version=&#8220;4.16&#8243; _module_preset=&#8220;default&#8220; background_color=&#8220;#212121&#8243; background_enable_image=&#8220;off&#8220; background_enable_video_webm=&#8220;off&#8220; custom_padding=&#8220;|5%||5%|true|true&#8220; global_colors_info=&#8220;{}&#8220;][et_pb_text _builder_version=&#8220;4.16&#8243; _module_preset=&#8220;default&#8220; text_font=&#8220;||||||||&#8220; text_font_size=&#8220;18px&#8220; text_line_height=&#8220;1.9em&#8220; header_font=&#8220;Abhaya Libre|700|||||||&#8220; header_3_font_size=&#8220;29px&#8220; text_orientation=&#8220;center&#8220; background_layout=&#8220;dark&#8220; custom_margin=&#8220;0px||0px||false|false&#8220; custom_padding=&#8220;||||true|true&#8220; global_colors_info=&#8220;{}&#8220;]<\/p>\n<h3 style=\"text-align: left;\">Besuch der Naturkosmetikproduktion Ren\u010delj<\/h3>\n<p style=\"text-align: left;\">In unmittelbarer N\u00e4he befinden sich die Produktionsst\u00e4tten von Ren\u010delj Kosmetik, wo das Unternehmen seine eigene Naturkosmetik unter Verwendung von Lavendel aus eigenen Plantagen herstellt. Erleben Sie, wie aus Lavendelbl\u00fcten eine nat\u00fcrliche Lavendelcreme entsteht und erfahren Sie, welche Vorteile Naturkosmetik f\u00fcr Ihre Gesundheit bringt.<\/p>\n<h3 style=\"text-align: left;\">Imkerei und Honigproduktion<\/h3>\n<p style=\"text-align: left;\">Die Lavendelfelder und der Karstwald locken auch Bienenfamilien in unsere N\u00e4he, die in den Bienenst\u00f6cken der Imker in der N\u00e4he emsig Honig produzieren. Hier k\u00f6nnen Sie Ihr eigenes T\u00f6pfchen Honig kaufen und den k\u00f6stlichen Honiggeschmack so auch nach dem Urlaub noch genie\u00dfen.<\/p>\n<h3 style=\"text-align: left;\">Schwimmen in der Adria<\/h3>\n<p style=\"text-align: left;\">Wenn Sie sich einen Urlaub ohne Meer nicht vorstellen k\u00f6nnen, ist unsere Adria nur 35 km entfernt. Im Sommer oder, f\u00fcr die Mutigeren, das ganze Jahr \u00fcber.<\/p>\n<p>[\/et_pb_text][\/et_pb_column][\/et_pb_row][\/et_pb_section]<\/p>\n","protected":false},"excerpt":{"rendered":"<p>Kutschfahrten, Reitunterricht, Pferdetraining und Ponyreiten f\u00fcr die J\u00fcngsten. Schauen Sie dem Pferd in die Augen und lassen Sie sich von ihm durch die sch\u00f6nsten Pl\u00e4tze des sagenhaften Karsts f\u00fchren.<\/p>\n","protected":false},"author":1,"featured_media":6550,"parent":0,"menu_order":0,"comment_status":"closed","ping_status":"closed","template":"","meta":{"_et_pb_use_builder":"on","_et_pb_old_content":"","_et_gb_content_width":"","footnotes":""},"class_list":["post-6639","page","type-page","status-publish","has-post-thumbnail","hentry"],"_links":{"self":[{"href":"https:\/\/tmbin.com\/de\/wp-json\/wp\/v2\/pages\/6639","targetHints":{"allow":["GET"]}}],"collection":[{"href":"https:\/\/tmbin.com\/de\/wp-json\/wp\/v2\/pages"}],"about":[{"href":"https:\/\/tmbin.com\/de\/wp-json\/wp\/v2\/types\/page"}],"author":[{"embeddable":true,"href":"https:\/\/tmbin.com\/de\/wp-json\/wp\/v2\/users\/1"}],"replies":[{"embeddable":true,"href":"https:\/\/tmbin.com\/de\/wp-json\/wp\/v2\/comments?post=6639"}],"version-history":[{"count":7,"href":"https:\/\/tmbin.com\/de\/wp-json\/wp\/v2\/pages\/6639\/revisions"}],"predecessor-version":[{"id":6884,"href":"https:\/\/tmbin.com\/de\/wp-json\/wp\/v2\/pages\/6639\/revisions\/6884"}],"wp:featuredmedia":[{"embeddable":true,"href":"https:\/\/tmbin.com\/de\/wp-json\/wp\/v2\/media\/6550"}],"wp:attachment":[{"href":"https:\/\/tmbin.com\/de\/wp-json\/wp\/v2\/media?parent=6639"}],"curies":[{"name":"wp","href":"https:\/\/api.w.org\/{rel}","templated":true}]}}